{"id":812,"date":"2017-01-28T12:42:36","date_gmt":"2017-01-28T12:42:36","guid":{"rendered":"http:\/\/www.howav.com\/ca\/?page_id=812"},"modified":"2017-01-29T18:28:06","modified_gmt":"2017-01-29T18:28:06","slug":"streamings","status":"publish","type":"page","link":"https:\/\/www.howav.com\/ca\/streamings\/","title":{"rendered":"Streamings"},"content":{"rendered":"<p><section class=\"kc-elm kc_row\"><div class=\"kc-row-container  kc-container\"><div class=\"kc-wrap-columns\"><div class=\"kc-elm kc_col-sm-12 kc_column kc_col-sm-12 title-with-line main-title\"><div class=\"kc-col-container\"><div class=\"divider_line1 divider-icon \"><\/div>\n<div class=\"kc-elm kc-title-wrap \">\n\n\t<h1 class=\"kc_title\">STREAMINGS<\/h1>\n<\/div>\n<div class=\"divider_line1 divider-icon \"><\/div><\/div><\/div><\/div><\/div><\/section><section class=\"kc-elm kc_row\"><div class=\"kc-row-container  kc-container\"><div class=\"kc-wrap-columns\"><div class=\"kc-elm kc_col-sm-12 kc_column kc_col-sm-12\"><div class=\"kc-col-container\"><div class=\"kc-elm kc_text_block page-intro\"><\/p>\n<p class=\"MsoNormal\">L\u00b4 Streaming \u00e9s imprescindible en una bona campanya de comunicaci\u00f3 perqu\u00e8 \u00e9s la millor manera de transmetre amb immediatesa i transpar\u00e8ncia. Permet arribar a un gran nombre de persones i la interacci\u00f3 amb aquests espectadors. <span style=\"font-style: inherit;\">Oferim<\/span><span style=\"font-style: inherit;\">\u00a0 <\/span><span style=\"font-style: inherit;\">la possibilitat de retransmetre en directe a trav\u00e9s d&#8217;internet qualsevol tipus d&#8217;esdeveniment: p\u00fablics (presentacions, espectacles, concerts) o privats (convencions d&#8217;empresa, congressos, formaci\u00f3 online) Treballem en espais interiors o exteriors, amb les millors condicions i amb pressupostos adaptats a cada projecte. Grans esdeveniments,<\/span><span style=\"font-style: inherit;\">\u00a0 <\/span><span style=\"font-style: inherit;\">actes especials, llocs no convencionals.<\/span><span style=\"font-style: inherit;\">Plantegem diferents possibilitats de retransmissi\u00f3<\/span><span style=\"font-style: inherit;\">\u00a0 <\/span><span style=\"font-style: inherit;\">aix\u00ed com accions complement\u00e0ries de difusi\u00f3. <\/span><span style=\"font-style: inherit;\">T\u2019atenem personalment i t&#8217;assessorem.<\/span><\/p>\n<p class=\"MsoNormal\">\n<\/div><\/div><\/div><\/div><\/div><\/section><section class=\"kc-elm kc_row\"><div class=\"kc-row-container  kc-container\"><div class=\"kc-wrap-columns\"><div class=\"kc-elm kc_col-sm-4 kc_column kc_col-sm-4\"><div class=\"kc-col-container\"><div class=\"kc-elm kc_text_block\"><\/p>\n<p style=\"text-align: center;\"><strong>DIRECTE B\u00c0SIC<\/strong><\/p>\n<p style=\"text-align: center;\">Retransmissi\u00f3 d&#8217;un esdeveniment puntual, amb pla fix. V\u00eddeo not\u00edcies, entrevistes, connexions en directe per televisi\u00f3. Una c\u00e0mera i un t\u00e8cnic. Enregistrament del contingut em\u00e8s per a possibles accions de comunicaci\u00f3 posteriors. Pressupostos redu\u00efts.<\/p>\n<p class=\"MsoNormal\">\n<\/div><\/div><\/div><div class=\"kc-elm kc_col-sm-4 kc_column kc_col-sm-4\"><div class=\"kc-col-container\"><div class=\"kc-elm kc_text_block\"><\/p>\n<p style=\"text-align: center;\"><strong>DIRECTE MULTIC\u00c0MERA<\/strong><\/p>\n<p style=\"text-align: center;\">Retransmissi\u00f3 d&#8217;un esdeveniment a dues o m\u00e9s c\u00e0meres, fixes i m\u00f2bils, amb realitzaci\u00f3 en directe. Enregistrament de l&#8217;acte en alta definici\u00f3 i immediatesa en la publicaci\u00f3 de materials (presentacions, congressos, actes p\u00fablics) Ens adaptem a les teves necessitats.<\/p>\n<p class=\"MsoNormal\">\n<\/div><\/div><\/div><div class=\"kc-elm kc_col-sm-4 kc_column kc_col-sm-4\"><div class=\"kc-col-container\"><div class=\"kc-elm kc_text_block\"><\/p>\n<p style=\"text-align: center;\"><strong>DIRECTE PERSONALITZAT<\/strong><\/p>\n<p style=\"text-align: center;\">Grans esdeveniments, actes especials, llocs no convencionals (sense connexi\u00f3 directa a la xarxa) esdeveniments privats. Imatge gr\u00e0fica, animaci\u00f3 caretes i r\u00e8tols, integraci\u00f3 xarxes socials, diapositives, imatges, v\u00eddeos, connexi\u00f3 a altres streamings.<\/p>\n<p class=\"MsoNormal\">\n<\/div><\/div><\/div><\/div><\/div><\/section><section class=\"kc-elm kc_row\"><div class=\"kc-row-container  kc-container\"><div class=\"kc-wrap-columns\"><div class=\"kc-elm kc_col-sm-12 kc_column kc_col-sm-12\"><div class=\"kc-col-container\"><div class=\"kc-elm\" style=\"height: 34px; clear: both; width:100%;\"><\/div><\/div><\/div><\/div><\/div><\/section><section class=\"kc-elm kc_row\"><div class=\"kc-row-container  kc-container\"><div class=\"kc-wrap-columns\"><div class=\"kc-elm kc_col-sm-12 kc_column kc_col-sm-12\"><div class=\"kc-col-container\">\t\n\t<div id=\"js-grid-full-width-XnPlqVqA8l\" class=\"cbp js-grid-full-width\" data-cols=\"3\" data-gap=\"10\">\n\n\t\t\t\t\t\t<div class=\"cbp-item\">\n\t\t\t\t\t<a href=\"https:\/\/www.howav.com\/ca\/our-works\/streaming-forum-sant-vicenc-dels-horts\/\" class=\"cbp-caption\" data-title=\"Streaming F\u00f2rum de Sant Vicen\u00e7 dels Horts <a href='https:\/\/www.howav.com\/ca\/our-works\/streaming-forum-sant-vicenc-dels-horts\/'>Read More &raquo;<\/a>\">\n\t\t\t\t\t\t<div class=\"cbp-caption-defaultWrap\">\n\t\t\t\t\t\t\t<img decoding=\"async\" src=\"https:\/\/www.howav.com\/wp-content\/uploads\/2016\/09\/Streaming-Forum-de-Sant-Vicenc-dels-Horts-1-1-680x400xct-680x400xct.jpg\" alt=\"\">\n\t\t\t\t\t\t<\/div>\n\t\t\t\t\t\t<div class=\"cbp-caption-activeWrap\">\n\t\t\t\t\t\t\t<div class=\"cbp-l-caption-alignLeft\">\n\t\t\t\t\t\t\t\t<div class=\"cbp-l-caption-body\">\n\t\t\t\t\t\t\t\t\t<div class=\"cbp-l-caption-title\">Streaming F\u00f2rum de Sant Vicen\u00e7 dels Horts<\/div>\n\t\t\t\t\t\t\t\t\t<div class=\"cbp-l-caption-sep\"><\/div>\n\t\t\t\t\t\t\t\t\t<div class=\"cbp-l-caption-desc\">Ajuntament SVH, Associaci\u00f3 Bayt Al Thaqafa<\/div>\n\t\t\t\t\t\t\t\t<\/div>\n\t\t\t\t\t\t\t<\/div>\n\t\t\t\t\t\t<\/div>\n\t\t\t\t\t<\/a>\n\t\t\t\t<\/div>\n\n\t\t\t\t\t\t<div class=\"cbp-item\">\n\t\t\t\t\t<a href=\"https:\/\/www.howav.com\/ca\/our-works\/streaming-4t-seminari-internacional-convivencia-planetaria\/\" class=\"cbp-caption\" data-title=\"Streaming 4t Seminari Internacional de Conviv\u00e8ncia Planet\u00e0ria <a href='https:\/\/www.howav.com\/ca\/our-works\/streaming-4t-seminari-internacional-convivencia-planetaria\/'>Read More &raquo;<\/a>\">\n\t\t\t\t\t\t<div class=\"cbp-caption-defaultWrap\">\n\t\t\t\t\t\t\t<img decoding=\"async\" src=\"https:\/\/www.howav.com\/wp-content\/uploads\/2016\/09\/planetaria-680x400xct.jpg\" alt=\"\">\n\t\t\t\t\t\t<\/div>\n\t\t\t\t\t\t<div class=\"cbp-caption-activeWrap\">\n\t\t\t\t\t\t\t<div class=\"cbp-l-caption-alignLeft\">\n\t\t\t\t\t\t\t\t<div class=\"cbp-l-caption-body\">\n\t\t\t\t\t\t\t\t\t<div class=\"cbp-l-caption-title\">Streaming 4t Seminari Internacional de Conviv\u00e8ncia Planet\u00e0ria<\/div>\n\t\t\t\t\t\t\t\t\t<div class=\"cbp-l-caption-sep\"><\/div>\n\t\t\t\t\t\t\t\t\t<div class=\"cbp-l-caption-desc\">IMAGO<\/div>\n\t\t\t\t\t\t\t\t<\/div>\n\t\t\t\t\t\t\t<\/div>\n\t\t\t\t\t\t<\/div>\n\t\t\t\t\t<\/a>\n\t\t\t\t<\/div>\n\n\t\t\t\t\t\t<div class=\"cbp-item\">\n\t\t\t\t\t<a href=\"https:\/\/www.howav.com\/ca\/our-works\/streaming-convencio-federalista\/\" class=\"cbp-caption\" data-title=\"Streaming &#8216;Convenci\u00f3 federalista&#8217; <a href='https:\/\/www.howav.com\/ca\/our-works\/streaming-convencio-federalista\/'>Read More &raquo;<\/a>\">\n\t\t\t\t\t\t<div class=\"cbp-caption-defaultWrap\">\n\t\t\t\t\t\t\t<img decoding=\"async\" src=\"https:\/\/www.howav.com\/wp-content\/uploads\/2016\/09\/federalista-680x400xct.jpg\" alt=\"\">\n\t\t\t\t\t\t<\/div>\n\t\t\t\t\t\t<div class=\"cbp-caption-activeWrap\">\n\t\t\t\t\t\t\t<div class=\"cbp-l-caption-alignLeft\">\n\t\t\t\t\t\t\t\t<div class=\"cbp-l-caption-body\">\n\t\t\t\t\t\t\t\t\t<div class=\"cbp-l-caption-title\">Streaming &#8216;Convenci\u00f3 federalista&#8217;<\/div>\n\t\t\t\t\t\t\t\t\t<div class=\"cbp-l-caption-sep\"><\/div>\n\t\t\t\t\t\t\t\t\t<div class=\"cbp-l-caption-desc\">Fundaci\u00f3 Rafael Campalans<\/div>\n\t\t\t\t\t\t\t\t<\/div>\n\t\t\t\t\t\t\t<\/div>\n\t\t\t\t\t\t<\/div>\n\t\t\t\t\t<\/a>\n\t\t\t\t<\/div>\n\n\t\t\t\t\t\t<div class=\"cbp-item\">\n\t\t\t\t\t<a href=\"https:\/\/www.howav.com\/ca\/our-works\/streaming-europa-davant-la-crisi-dels-refugiats\/\" class=\"cbp-caption\" data-title=\"Streaming Europa davant la crisi dels refugiats <a href='https:\/\/www.howav.com\/ca\/our-works\/streaming-europa-davant-la-crisi-dels-refugiats\/'>Read More &raquo;<\/a>\">\n\t\t\t\t\t\t<div class=\"cbp-caption-defaultWrap\">\n\t\t\t\t\t\t\t<img decoding=\"async\" src=\"https:\/\/www.howav.com\/wp-content\/uploads\/2016\/09\/refugiados-680x400xct.jpg\" alt=\"\">\n\t\t\t\t\t\t<\/div>\n\t\t\t\t\t\t<div class=\"cbp-caption-activeWrap\">\n\t\t\t\t\t\t\t<div class=\"cbp-l-caption-alignLeft\">\n\t\t\t\t\t\t\t\t<div class=\"cbp-l-caption-body\">\n\t\t\t\t\t\t\t\t\t<div class=\"cbp-l-caption-title\">Streaming Europa davant la crisi dels refugiats<\/div>\n\t\t\t\t\t\t\t\t\t<div class=\"cbp-l-caption-sep\"><\/div>\n\t\t\t\t\t\t\t\t\t<div class=\"cbp-l-caption-desc\">fed<\/div>\n\t\t\t\t\t\t\t\t<\/div>\n\t\t\t\t\t\t\t<\/div>\n\t\t\t\t\t\t<\/div>\n\t\t\t\t\t<\/a>\n\t\t\t\t<\/div>\n\n\t\t\t\t\t\t<div class=\"cbp-item\">\n\t\t\t\t\t<a href=\"https:\/\/www.howav.com\/ca\/our-works\/streaming-refugiats-catalunya-terra-dasil\/\" class=\"cbp-caption\" data-title=\"Streaming \u2018Refugiats: Catalunya terra d\u2019asil\u2019 <a href='https:\/\/www.howav.com\/ca\/our-works\/streaming-refugiats-catalunya-terra-dasil\/'>Read More &raquo;<\/a>\">\n\t\t\t\t\t\t<div class=\"cbp-caption-defaultWrap\">\n\t\t\t\t\t\t\t<img decoding=\"async\" src=\"https:\/\/www.howav.com\/wp-content\/uploads\/2016\/09\/refugiats-680x400xct.jpg\" alt=\"\">\n\t\t\t\t\t\t<\/div>\n\t\t\t\t\t\t<div class=\"cbp-caption-activeWrap\">\n\t\t\t\t\t\t\t<div class=\"cbp-l-caption-alignLeft\">\n\t\t\t\t\t\t\t\t<div class=\"cbp-l-caption-body\">\n\t\t\t\t\t\t\t\t\t<div class=\"cbp-l-caption-title\">Streaming \u2018Refugiats: Catalunya terra d\u2019asil\u2019<\/div>\n\t\t\t\t\t\t\t\t\t<div class=\"cbp-l-caption-sep\"><\/div>\n\t\t\t\t\t\t\t\t\t<div class=\"cbp-l-caption-desc\">Ayuntamiento de Sant Vicen\u00e7 dels Horts<\/div>\n\t\t\t\t\t\t\t\t<\/div>\n\t\t\t\t\t\t\t<\/div>\n\t\t\t\t\t\t<\/div>\n\t\t\t\t\t<\/a>\n\t\t\t\t<\/div>\n\n\t\t\n\t<\/div>\n\n<\/div><\/div><\/div><\/div><\/section><section class=\"kc-elm kc_row\"><div class=\"kc-row-container  kc-container\"><div class=\"kc-wrap-columns\"><div class=\"kc-elm kc_col-sm-12 kc_column kc_col-sm-12\"><div class=\"kc-col-container\"><div class=\"kc-elm kc_text_block\"><\/p>\n<p class=\"MsoNormal\">\n<\/div><\/div><\/div><\/div><\/div><\/section><section class=\"kc-elm kc_row\"><div class=\"kc-row-container  kc-container\"><div class=\"kc-wrap-columns\"><div class=\"kc-elm kc_col-sm-12 kc_column kc_col-sm-12\"><div class=\"kc-col-container\"><div class=\"kc-elm kc_text_block\"><\/p>\n<p class=\"MsoNormal\">\n<\/div><\/div><\/div><\/div><\/div><\/section><section class=\"kc-elm kc_row\"><div class=\"kc-row-container  kc-container\"><div class=\"kc-wrap-columns\"><div class=\"kc-elm kc_col-sm-12 kc_column kc_col-sm-12\"><div class=\"kc-col-container\"><div class=\"kc-elm kc_text_block\"><\/p>\n<p>\n<\/div><\/div><\/div><\/div><\/div><\/section><\/p>\n","protected":false},"excerpt":{"rendered":"","protected":false},"author":3,"featured_media":0,"parent":0,"menu_order":0,"comment_status":"closed","ping_status":"closed","template":"","meta":{"footnotes":""},"yoast_head":"<!-- This site is optimized with the Yoast SEO plugin v19.9 - https:\/\/yoast.com\/wordpress\/plugins\/seo\/ -->\n<title>Streamings - How<\/title>\n<meta name=\"robots\" content=\"index, follow, max-snippet:-1, max-image-preview:large, max-video-preview:-1\" \/>\n<link rel=\"canonical\" href=\"https:\/\/www.howav.com\/ca\/streamings\/\" \/>\n<meta property=\"og:locale\" content=\"ca_ES\" \/>\n<meta property=\"og:type\" content=\"article\" \/>\n<meta property=\"og:title\" content=\"Streamings - How\" \/>\n<meta property=\"og:url\" content=\"https:\/\/www.howav.com\/ca\/streamings\/\" \/>\n<meta property=\"og:site_name\" content=\"How\" \/>\n<meta property=\"article:modified_time\" content=\"2017-01-29T18:28:06+00:00\" \/>\n<meta name=\"twitter:card\" content=\"summary_large_image\" \/>\n<meta name=\"twitter:label1\" content=\"Temps estimat de lectura\" \/>\n\t<meta name=\"twitter:data1\" content=\"2 minuts\" \/>\n<script type=\"application\/ld+json\" class=\"yoast-schema-graph\">{\"@context\":\"https:\/\/schema.org\",\"@graph\":[{\"@type\":\"WebPage\",\"@id\":\"https:\/\/www.howav.com\/ca\/streamings\/\",\"url\":\"https:\/\/www.howav.com\/ca\/streamings\/\",\"name\":\"Streamings - How\",\"isPartOf\":{\"@id\":\"https:\/\/www.howav.com\/#website\"},\"datePublished\":\"2017-01-28T12:42:36+00:00\",\"dateModified\":\"2017-01-29T18:28:06+00:00\",\"breadcrumb\":{\"@id\":\"https:\/\/www.howav.com\/ca\/streamings\/#breadcrumb\"},\"inLanguage\":\"ca\",\"potentialAction\":[{\"@type\":\"ReadAction\",\"target\":[\"https:\/\/www.howav.com\/ca\/streamings\/\"]}]},{\"@type\":\"BreadcrumbList\",\"@id\":\"https:\/\/www.howav.com\/ca\/streamings\/#breadcrumb\",\"itemListElement\":[{\"@type\":\"ListItem\",\"position\":1,\"name\":\"Portada\",\"item\":\"https:\/\/www.howav.com\/ca\/\"},{\"@type\":\"ListItem\",\"position\":2,\"name\":\"Streamings\"}]},{\"@type\":\"WebSite\",\"@id\":\"https:\/\/www.howav.com\/#website\",\"url\":\"https:\/\/www.howav.com\/\",\"name\":\"How\",\"description\":\"Otro sitio realizado con WordPress\",\"potentialAction\":[{\"@type\":\"SearchAction\",\"target\":{\"@type\":\"EntryPoint\",\"urlTemplate\":\"https:\/\/www.howav.com\/?s={search_term_string}\"},\"query-input\":\"required name=search_term_string\"}],\"inLanguage\":\"ca\"}]}<\/script>\n<!-- \/ Yoast SEO plugin. -->","yoast_head_json":{"title":"Streamings - How","robots":{"index":"index","follow":"follow","max-snippet":"max-snippet:-1","max-image-preview":"max-image-preview:large","max-video-preview":"max-video-preview:-1"},"canonical":"https:\/\/www.howav.com\/ca\/streamings\/","og_locale":"ca_ES","og_type":"article","og_title":"Streamings - How","og_url":"https:\/\/www.howav.com\/ca\/streamings\/","og_site_name":"How","article_modified_time":"2017-01-29T18:28:06+00:00","twitter_card":"summary_large_image","twitter_misc":{"Temps estimat de lectura":"2 minuts"},"schema":{"@context":"https:\/\/schema.org","@graph":[{"@type":"WebPage","@id":"https:\/\/www.howav.com\/ca\/streamings\/","url":"https:\/\/www.howav.com\/ca\/streamings\/","name":"Streamings - How","isPartOf":{"@id":"https:\/\/www.howav.com\/#website"},"datePublished":"2017-01-28T12:42:36+00:00","dateModified":"2017-01-29T18:28:06+00:00","breadcrumb":{"@id":"https:\/\/www.howav.com\/ca\/streamings\/#breadcrumb"},"inLanguage":"ca","potentialAction":[{"@type":"ReadAction","target":["https:\/\/www.howav.com\/ca\/streamings\/"]}]},{"@type":"BreadcrumbList","@id":"https:\/\/www.howav.com\/ca\/streamings\/#breadcrumb","itemListElement":[{"@type":"ListItem","position":1,"name":"Portada","item":"https:\/\/www.howav.com\/ca\/"},{"@type":"ListItem","position":2,"name":"Streamings"}]},{"@type":"WebSite","@id":"https:\/\/www.howav.com\/#website","url":"https:\/\/www.howav.com\/","name":"How","description":"Otro sitio realizado con WordPress","potentialAction":[{"@type":"SearchAction","target":{"@type":"EntryPoint","urlTemplate":"https:\/\/www.howav.com\/?s={search_term_string}"},"query-input":"required name=search_term_string"}],"inLanguage":"ca"}]}},"_links":{"self":[{"href":"https:\/\/www.howav.com\/ca\/wp-json\/wp\/v2\/pages\/812"}],"collection":[{"href":"https:\/\/www.howav.com\/ca\/wp-json\/wp\/v2\/pages"}],"about":[{"href":"https:\/\/www.howav.com\/ca\/wp-json\/wp\/v2\/types\/page"}],"author":[{"embeddable":true,"href":"https:\/\/www.howav.com\/ca\/wp-json\/wp\/v2\/users\/3"}],"replies":[{"embeddable":true,"href":"https:\/\/www.howav.com\/ca\/wp-json\/wp\/v2\/comments?post=812"}],"version-history":[{"count":5,"href":"https:\/\/www.howav.com\/ca\/wp-json\/wp\/v2\/pages\/812\/revisions"}],"predecessor-version":[{"id":884,"href":"https:\/\/www.howav.com\/ca\/wp-json\/wp\/v2\/pages\/812\/revisions\/884"}],"wp:attachment":[{"href":"https:\/\/www.howav.com\/ca\/wp-json\/wp\/v2\/media?parent=812"}],"curies":[{"name":"wp","href":"https:\/\/api.w.org\/{rel}","templated":true}]}}