{"id":339,"date":"2016-06-10T16:50:21","date_gmt":"2016-06-10T16:50:21","guid":{"rendered":"http:\/\/www.howav.com\/ca\/?page_id=339"},"modified":"2017-01-28T12:11:37","modified_gmt":"2017-01-28T12:11:37","slug":"serveis","status":"publish","type":"page","link":"https:\/\/www.howav.com\/ca\/serveis\/","title":{"rendered":"Serveis"},"content":{"rendered":"<p><section class=\"kc-elm kc_row animated eff-fadeInUp delay-200ms\"><div class=\"kc-row-container  kc-container\"><div class=\"kc-wrap-columns\"><div class=\"kc-elm kc_col-sm-12 kc_column kc_col-sm-12 title-with-line main-title\"><div class=\"kc-col-container\"><div class=\"divider_line1 divider-icon \"><\/div>\n<div class=\"kc-elm kc-title-wrap \">\n\n\t<h1 class=\"kc_title\">SERVEIS<\/h1>\n<\/div>\n<div class=\"divider_line1 divider-icon \"><\/div><\/div><\/div><\/div><\/div><\/section><section class=\"kc-elm kc-css-3843060|padding-bottom: 40px; kc_row kc-css-3843060|padding-bottom: 40px; animated eff-fadeInUp delay-200ms kc-css-3843060|padding-bottom: 40px;\"><div class=\"kc-row-container  kc-container\"><div class=\"kc-wrap-columns\"><div class=\"kc-elm kc_column kc_col-sm-12\"><div class=\"kc-col-container\"><div class=\"kc-elm kc_text_block page-intro\"><\/p>\n<p style=\"text-align: center;\">Gr\u00e0cies a l&#8217;experi\u00e8ncia del nostre equip i a la gran xarxa de col\u00b7laboradors de HOW podem oferir tot tipus de solucions relacionades amb la Producci\u00f3 Audiovisual i la Comunicaci\u00f3. Retransmissions en directe (Streamings), Comunicaci\u00f3 Corporativa, Documental, Campanyes en mitjans de comunicaci\u00f3, Xarxes socials, etc. Si tens qualsevol altra necessitat junts trobarem la millor soluci\u00f3.<\/p>\n<p>\n<\/div><\/div><\/div><\/div><\/div><\/section><section class=\"kc-elm kc-css-8263472|background: url(http:\/\/www.howav.com\/wp-content\/uploads\/2016\/06\/bggraygreen.png) repeat-y; padding-top: 30px; padding-bottom: 20px; background-size: 100%; kc_row kc-css-8263472|background: url(http:\/\/www.howav.com\/wp-content\/uploads\/2016\/06\/bggraygreen.png) repeat-y; padding-top: 30px; padding-bottom: 20px; background-size: 100%; servicios animated eff-fadeInUp delay-200ms kc-css-8263472|background: url(http:\/\/www.howav.com\/wp-content\/uploads\/2016\/06\/bggraygreen.png) repeat-y; padding-top: 30px; padding-bottom: 20px; background-size: 100%;\"><div class=\"kc-row-container  kc-container\"><div class=\"kc-wrap-columns\"><div class=\"kc-elm kc_col-sm-6 kc_column kc_col-sm-6\"><div class=\"servicio-icon kc-col-container\"><div class=\"kc-elm kc_shortcode kc_single_image\">\n\n        <img decoding=\"async\" src=\"https:\/\/www.howav.com\/wp-content\/uploads\/2016\/05\/icon-1-2.png\" class=\"\" alt=\"\" \/>    <\/div>\n\n<div class=\"kc-elm kc-title-wrap \">\n\n\t<h3 class=\"kc_title\">Producci\u00f3 audiovisual<\/h3>\n<\/div>\n<div class=\"kc-elm kc_text_block\"><\/p>\n<p style=\"text-align: center;\">Coneixem el sector audiovisual, els mitjans de comunicaci\u00f3, les xarxes i les seves possibilitats. La polival\u00e8ncia del nostre equip ens permet realitzar qualsevol contingut amb la m\u00e0xima qualitat i professionalitat.<\/p>\n<p>\n<\/div><\/div><\/div><div class=\"kc-elm kc-css-7075256|padding-left: 40px; kc_col-sm-6 kc_column kc_col-sm-6\"><div class=\"servicio-body kc-col-container\"><div class=\"kc-elm kc_text_block\"><\/p>\n<p>&nbsp;<\/p>\n<p>Ens encarreguem de tot el proc\u00e9s de creaci\u00f3. Des del contacte amb el client, el desenvolupament de la idea, la seva adaptaci\u00f3 a gui\u00f3, planificaci\u00f3 de rodatge \/ s, edici\u00f3 i postproducci\u00f3 del material audiovisual recollit aix\u00ed com de la seva difusi\u00f3, comunicaci\u00f3 i campanyes especifiques.<\/p>\n<p>Videos promocionals i corporatius, publicitat, videoclips, animaci\u00f3, continguts televisius, reportatges, documentals, informaci\u00f3 i actualitat, entreteniment, contingut audiovisual per a xarxes socials i per a canals online.<\/p>\n<p>\n<\/div><\/div><\/div><\/div><\/div><\/section><section class=\"kc-elm kc-css-1326213|background: url(http:\/\/www.howav.com\/wp-content\/uploads\/2016\/06\/bggraygreenr-1.png) repeat-y; padding-top: 30px; padding-bottom: 20px; background-size: 100%; kc_row kc-css-1326213|background: url(http:\/\/www.howav.com\/wp-content\/uploads\/2016\/06\/bggraygreenr-1.png) repeat-y; padding-top: 30px; padding-bottom: 20px; background-size: 100%; servicios animated eff-fadeInUp delay-200ms kc-css-1326213|background: url(http:\/\/www.howav.com\/wp-content\/uploads\/2016\/06\/bggraygreenr-1.png) repeat-y; padding-top: 30px; padding-bottom: 20px; background-size: 100%;\"><div class=\"kc-row-container  kc-container\"><div class=\"kc-wrap-columns\"><div class=\"kc-elm kc-css-6785217|padding-right: 40px; kc_col-sm-6 kc_column kc_col-sm-6\"><div class=\"servicio-body kc-col-container\"><div class=\"kc-elm kc_text_block\"><p>\nLes noves tecnologies ens permeten retransmetre en directe amb la millor qualitat, amb gran projecci\u00f3 i a preus molt accessibles.<\/p>\n<p>Oferim diferents opcions de retransmissi\u00f3 per adaptar-nos a les necessitats de cada esdeveniment. Des d&#8217;una emissi\u00f3 senzilla amb una sola c\u00e0mera fins a les m\u00e9s complexes amb una realitzaci\u00f3 a tres c\u00e0meres. Tamb\u00e9 creem i \/ o adaptem la imatge gr\u00e0fica corporativa i de l&#8217;esdeveniment i els canals socials de l&#8217;organitzador. Les possibilitats s\u00f3n infinites.<\/p>\n<p>\n<\/div><\/div><\/div><div class=\"kc-elm kc_col-sm-6 kc_column kc_col-sm-6\"><div class=\"servicio-icon kc-col-container\"><div class=\"kc-elm kc_shortcode kc_single_image\">\n\n        <img decoding=\"async\" src=\"https:\/\/www.howav.com\/wp-content\/uploads\/2016\/05\/icon-2-1.png\" class=\"\" alt=\"\" \/>    <\/div>\n\n<div class=\"kc-elm kc-title-wrap \">\n\n\t<h3 class=\"kc_title\">Streamings<\/h3>\n<\/div>\n<div class=\"kc-elm kc_text_block\"><\/p>\n<p style=\"text-align: center;\">Retransmissi\u00f3 en directe a trav\u00e9s d&#8217;internet de qualsevol tipus d&#8217;esdeveniment (Presentacions, confer\u00e8ncies i congressos espectacles) Adaptem la imatge corporativa i vam crear canals de TV en l\u00ednia.<\/p>\n<p>\n<\/div><\/div><\/div><\/div><\/div><\/section><section class=\"kc-elm kc-css-8263472|background: url(http:\/\/www.howav.com\/wp-content\/uploads\/2016\/06\/bggraygreen.png) repeat-y; padding-top: 30px; padding-bottom: 20px; background-size: 100%; kc_row kc-css-8263472|background: url(http:\/\/www.howav.com\/wp-content\/uploads\/2016\/06\/bggraygreen.png) repeat-y; padding-top: 30px; padding-bottom: 20px; background-size: 100%; servicios animated eff-fadeInUp delay-200ms kc-css-8263472|background: url(http:\/\/www.howav.com\/wp-content\/uploads\/2016\/06\/bggraygreen.png) repeat-y; padding-top: 30px; padding-bottom: 20px; background-size: 100%;\"><div class=\"kc-row-container  kc-container\"><div class=\"kc-wrap-columns\"><div class=\"kc-elm kc_col-sm-6 kc_column kc_col-sm-6\"><div class=\"servicio-icon kc-col-container\"><div class=\"kc-elm kc_shortcode kc_single_image\">\n\n        <img decoding=\"async\" src=\"https:\/\/www.howav.com\/wp-content\/uploads\/2016\/05\/icon-3-1.png\" class=\"\" alt=\"\" \/>    <\/div>\n\n<div class=\"kc-elm kc-title-wrap \">\n\n\t<h3 class=\"kc_title\">Serveis de comunicaci\u00f3<\/h3>\n<\/div>\n<div class=\"kc-elm kc_text_block\"><\/p>\n<p style=\"text-align: center;\">La nostra ag\u00e8ncia adapta els continguts produ\u00efts a cada projecte perqu\u00e8 l&#8217;estrat\u00e8gia de m\u00e0rqueting sigui efectiva i compleixi les necessitats del projecte.<\/p>\n<p>\n<\/div><\/div><\/div><div class=\"kc-elm kc-css-7075256|padding-left: 40px; kc_col-sm-6 kc_column kc_col-sm-6\"><div class=\"servicio-body kc-col-container\"><div class=\"kc-elm kc_text_block\"><\/p>\n<p>&nbsp;<\/p>\n<p>L&#8217;audiovisual \u00e9s l&#8217;eina principal en les nostres campanyes de comunicaci\u00f3, per\u00f2 no l&#8217;\u00fanica. Per assolir la m\u00e0xima difusi\u00f3 i notorietat analitzem el punt de partida del client, planifiquem l&#8217;estrat\u00e8gia i desenvolupem la campanya que s&#8217;adapta a cada cas.<\/p>\n<p>Presentacions, fotografies, notes de premsa, newsletter, social media, comunicaci\u00f3 interna i externa, contacte amb mitjans de comunicaci\u00f3, seguiment exhaustiu, s\u00f3n algunes de les accions que permeten que les campanyes que dissenyem siguin efectives.<\/p>\n<p>\n<\/div><\/div><\/div><\/div><\/div><\/section><section class=\"kc-elm kc-css-946987|padding-bottom: 60px; padding-top: 60px; kc_row kc-css-946987|padding-bottom: 60px; padding-top: 60px; animated eff-fadeInUp delay-200ms kc-css-946987|padding-bottom: 60px; padding-top: 60px;\"><div class=\"kc-row-container  kc-container\"><div class=\"kc-wrap-columns\"><div class=\"kc-elm kc_col-sm-6 kc_column kc_col-sm-6\"><div class=\"home-caracteristicas kc-col-container\"><div class=\"kc-elm kc_text_block\"><\/p>\n<h3>CREATIVITAT I ORIGINALITAT<\/h3>\n<p>La inspiraci\u00f3 no hi es a cada moment del dia per\u00f2 fins que no apareix no tanquem el proc\u00e9s creatiu. Treball en equip.<\/p>\n<p>\n<\/div><div class=\"kc-elm kc_text_block\"><\/p>\n<h3>IMPLICACI\u00d3 I PERSONALITZACI\u00d3<\/h3>\n<p>Amb tu identifiquem les necessitats i els objectius, cuidem el proc\u00e9s creatiu, donem forma a les idees per aconseguir el millor resultat.<\/p>\n<p>\n<\/div><div class=\"kc-elm kc_text_block\"><\/p>\n<h3>SERIOSITAT I QUALITAT<\/h3>\n<p>Una bona planificaci\u00f3 i un gran equip creatiu garanteixen resultats.<\/p>\n<p>\n<\/div><\/div><\/div><div class=\"kc-elm kc_col-sm-6 kc_column kc_col-sm-6\"><div class=\"kc-col-container\"><div class=\"kc-elm kc_shortcode kc_progress_bars \" data-style=\"3\"><div class=\"progress-item\"><span class=\"label\">Periodisme, Investigaci\u00f3 i Producci\u00f3<\/span><div class=\"kc-ui-progress-bar kc-ui-progress-bar3 kc-progress-bar kc-ui-container\"><div class=\"kc-ui-progress kc-ui-progress3\" style=\"background-color: #80C4B0;width: 95%\" data-value=\"95\" data-speed=\"2000\"><div class=\"ui-label\">\n\t\t\t\t\t<span class=\"value\" style=\"color: #FFFFFF\">95%<\/span>\n\t\t\t\t<\/div><\/div><\/div><\/div><div class=\"progress-item\"><span class=\"label\">Edici\u00f3, Postproducci\u00f3 i Motion Graphics <\/span><div class=\"kc-ui-progress-bar kc-ui-progress-bar3 kc-progress-bar kc-ui-container\"><div class=\"kc-ui-progress kc-ui-progress3\" style=\"background-color: #80C4B0;width: 95%\" data-value=\"95\" data-speed=\"2000\"><div class=\"ui-label\">\n\t\t\t\t\t<span class=\"value\" style=\"color: #FFFFFF\">95%<\/span>\n\t\t\t\t<\/div><\/div><\/div><\/div><div class=\"progress-item\"><span class=\"label\">Projecci\u00f3, Difusi\u00f3 i Posicionament <\/span><div class=\"kc-ui-progress-bar kc-ui-progress-bar3 kc-progress-bar kc-ui-container\"><div class=\"kc-ui-progress kc-ui-progress3\" style=\"background-color: #80C4B0;width: 92%\" data-value=\"92\" data-speed=\"2000\"><div class=\"ui-label\">\n\t\t\t\t\t<span class=\"value\" style=\"color: #FFFFFF\">92%<\/span>\n\t\t\t\t<\/div><\/div><\/div><\/div><div class=\"progress-item\"><span class=\"label\">Emissions en directe <\/span><div class=\"kc-ui-progress-bar kc-ui-progress-bar3 kc-progress-bar kc-ui-container\"><div class=\"kc-ui-progress kc-ui-progress3\" style=\"background-color: #80C4B0;width: 90%\" data-value=\"90\" data-speed=\"2000\"><div class=\"ui-label\">\n\t\t\t\t\t<span class=\"value\" style=\"color: #FFFFFF\">90%<\/span>\n\t\t\t\t<\/div><\/div><\/div><\/div><\/div><\/div><\/div><\/div><\/div><\/section><section class=\"kc-elm kc-css-9819981|padding-bottom: 40px; padding-top: 40px; text-align: center; kc_row kc-css-9819981|padding-bottom: 40px; padding-top: 40px; text-align: center; green-deg kc-css-9819981|padding-bottom: 40px; padding-top: 40px; text-align: center;\"><div class=\"kc-row-container  kc-container\"><div class=\"kc-wrap-columns\"><div class=\"kc-elm kc_col-sm-3 kc_column kc_col-sm-3\"><div class=\"kc-col-container\">\n<div class=\"kc-elm kc_counter_box contadores contador-proyectos\">\n\t\t<span class=\"counterup\">180<\/span>\n\t<h4>Projectes<\/h4><\/div>\n<\/div><\/div><div class=\"kc-elm kc_col-sm-3 kc_column kc_col-sm-3\"><div class=\"kc-col-container\">\n<div class=\"kc-elm kc_counter_box contadores contador-clientes\">\n\t\t<span class=\"counterup\">35<\/span>\n\t<h4>Clients<\/h4><\/div>\n<\/div><\/div><div class=\"kc-elm kc_col-sm-3 kc_column kc_col-sm-3\"><div class=\"kc-col-container\">\n<div class=\"kc-elm kc_counter_box contadores contador-horas\">\n\t\t<span class=\"counterup\">20.440<\/span>\n\t<h4>Hores<\/h4><\/div>\n<\/div><\/div><div class=\"kc-elm kc_col-sm-3 kc_column kc_col-sm-3\"><div class=\"kc-col-container\">\n<div class=\"kc-elm kc_counter_box contadores contador-cafes\">\n\t\t<span class=\"counterup\">5110<\/span>\n\t<h4>Caf\u00e8s<\/h4><\/div>\n<\/div><\/div><\/div><\/div><\/section><\/p>\n","protected":false},"excerpt":{"rendered":"","protected":false},"author":1,"featured_media":0,"parent":0,"menu_order":0,"comment_status":"closed","ping_status":"closed","template":"","meta":{"footnotes":""},"yoast_head":"<!-- This site is optimized with the Yoast SEO plugin v19.9 - https:\/\/yoast.com\/wordpress\/plugins\/seo\/ -->\n<title>Serveis - How<\/title>\n<meta name=\"robots\" content=\"index, follow, max-snippet:-1, max-image-preview:large, max-video-preview:-1\" \/>\n<link rel=\"canonical\" href=\"https:\/\/www.howav.com\/ca\/serveis\/\" \/>\n<meta property=\"og:locale\" content=\"ca_ES\" \/>\n<meta property=\"og:type\" content=\"article\" \/>\n<meta property=\"og:title\" content=\"Serveis - How\" \/>\n<meta property=\"og:url\" content=\"https:\/\/www.howav.com\/ca\/serveis\/\" \/>\n<meta property=\"og:site_name\" content=\"How\" \/>\n<meta property=\"article:modified_time\" content=\"2017-01-28T12:11:37+00:00\" \/>\n<meta name=\"twitter:card\" content=\"summary_large_image\" \/>\n<meta name=\"twitter:label1\" content=\"Temps estimat de lectura\" \/>\n\t<meta name=\"twitter:data1\" content=\"7 minuts\" \/>\n<script type=\"application\/ld+json\" class=\"yoast-schema-graph\">{\"@context\":\"https:\/\/schema.org\",\"@graph\":[{\"@type\":\"WebPage\",\"@id\":\"https:\/\/www.howav.com\/ca\/serveis\/\",\"url\":\"https:\/\/www.howav.com\/ca\/serveis\/\",\"name\":\"Serveis - How\",\"isPartOf\":{\"@id\":\"https:\/\/www.howav.com\/#website\"},\"datePublished\":\"2016-06-10T16:50:21+00:00\",\"dateModified\":\"2017-01-28T12:11:37+00:00\",\"breadcrumb\":{\"@id\":\"https:\/\/www.howav.com\/ca\/serveis\/#breadcrumb\"},\"inLanguage\":\"ca\",\"potentialAction\":[{\"@type\":\"ReadAction\",\"target\":[\"https:\/\/www.howav.com\/ca\/serveis\/\"]}]},{\"@type\":\"BreadcrumbList\",\"@id\":\"https:\/\/www.howav.com\/ca\/serveis\/#breadcrumb\",\"itemListElement\":[{\"@type\":\"ListItem\",\"position\":1,\"name\":\"Portada\",\"item\":\"https:\/\/www.howav.com\/ca\/\"},{\"@type\":\"ListItem\",\"position\":2,\"name\":\"Serveis\"}]},{\"@type\":\"WebSite\",\"@id\":\"https:\/\/www.howav.com\/#website\",\"url\":\"https:\/\/www.howav.com\/\",\"name\":\"How\",\"description\":\"Otro sitio realizado con WordPress\",\"potentialAction\":[{\"@type\":\"SearchAction\",\"target\":{\"@type\":\"EntryPoint\",\"urlTemplate\":\"https:\/\/www.howav.com\/?s={search_term_string}\"},\"query-input\":\"required name=search_term_string\"}],\"inLanguage\":\"ca\"}]}<\/script>\n<!-- \/ Yoast SEO plugin. -->","yoast_head_json":{"title":"Serveis - How","robots":{"index":"index","follow":"follow","max-snippet":"max-snippet:-1","max-image-preview":"max-image-preview:large","max-video-preview":"max-video-preview:-1"},"canonical":"https:\/\/www.howav.com\/ca\/serveis\/","og_locale":"ca_ES","og_type":"article","og_title":"Serveis - How","og_url":"https:\/\/www.howav.com\/ca\/serveis\/","og_site_name":"How","article_modified_time":"2017-01-28T12:11:37+00:00","twitter_card":"summary_large_image","twitter_misc":{"Temps estimat de lectura":"7 minuts"},"schema":{"@context":"https:\/\/schema.org","@graph":[{"@type":"WebPage","@id":"https:\/\/www.howav.com\/ca\/serveis\/","url":"https:\/\/www.howav.com\/ca\/serveis\/","name":"Serveis - How","isPartOf":{"@id":"https:\/\/www.howav.com\/#website"},"datePublished":"2016-06-10T16:50:21+00:00","dateModified":"2017-01-28T12:11:37+00:00","breadcrumb":{"@id":"https:\/\/www.howav.com\/ca\/serveis\/#breadcrumb"},"inLanguage":"ca","potentialAction":[{"@type":"ReadAction","target":["https:\/\/www.howav.com\/ca\/serveis\/"]}]},{"@type":"BreadcrumbList","@id":"https:\/\/www.howav.com\/ca\/serveis\/#breadcrumb","itemListElement":[{"@type":"ListItem","position":1,"name":"Portada","item":"https:\/\/www.howav.com\/ca\/"},{"@type":"ListItem","position":2,"name":"Serveis"}]},{"@type":"WebSite","@id":"https:\/\/www.howav.com\/#website","url":"https:\/\/www.howav.com\/","name":"How","description":"Otro sitio realizado con WordPress","potentialAction":[{"@type":"SearchAction","target":{"@type":"EntryPoint","urlTemplate":"https:\/\/www.howav.com\/?s={search_term_string}"},"query-input":"required name=search_term_string"}],"inLanguage":"ca"}]}},"_links":{"self":[{"href":"https:\/\/www.howav.com\/ca\/wp-json\/wp\/v2\/pages\/339"}],"collection":[{"href":"https:\/\/www.howav.com\/ca\/wp-json\/wp\/v2\/pages"}],"about":[{"href":"https:\/\/www.howav.com\/ca\/wp-json\/wp\/v2\/types\/page"}],"author":[{"embeddable":true,"href":"https:\/\/www.howav.com\/ca\/wp-json\/wp\/v2\/users\/1"}],"replies":[{"embeddable":true,"href":"https:\/\/www.howav.com\/ca\/wp-json\/wp\/v2\/comments?post=339"}],"version-history":[{"count":5,"href":"https:\/\/www.howav.com\/ca\/wp-json\/wp\/v2\/pages\/339\/revisions"}],"predecessor-version":[{"id":809,"href":"https:\/\/www.howav.com\/ca\/wp-json\/wp\/v2\/pages\/339\/revisions\/809"}],"wp:attachment":[{"href":"https:\/\/www.howav.com\/ca\/wp-json\/wp\/v2\/media?parent=339"}],"curies":[{"name":"wp","href":"https:\/\/api.w.org\/{rel}","templated":true}]}}