{"id":337,"date":"2016-06-10T16:50:00","date_gmt":"2016-06-10T16:50:00","guid":{"rendered":"http:\/\/www.howav.com\/ca\/?page_id=337"},"modified":"2017-03-06T22:10:05","modified_gmt":"2017-03-06T22:10:05","slug":"how","status":"publish","type":"page","link":"https:\/\/www.howav.com\/ca\/how\/","title":{"rendered":"HOW"},"content":{"rendered":"<p><section class=\"kc-elm kc_row animated eff-fadeInUp delay-200ms\"><div class=\"kc-row-container  kc-container\"><div class=\"kc-wrap-columns\"><div class=\"kc-elm kc_col-sm-12 kc_column kc_col-sm-12 title-with-line main-title\"><div class=\"kc-col-container\"><div class=\"divider_line1 divider-icon \"><\/div>\n<div class=\"kc-elm kc-title-wrap \">\n\n\t<h1 class=\"kc_title\">HOW audiovisual i multimedia<\/h1>\n<\/div>\n<div class=\"divider_line1 divider-icon \"><\/div><\/div><\/div><\/div><\/div><\/section><section class=\"kc-elm kc_row animated eff-fadeInUp delay-200ms\"><div class=\"kc-row-container  kc-container\"><div class=\"kc-wrap-columns\"><div class=\"kc-elm kc_column kc_col-sm-12\"><div class=\"kc-col-container\"><div class=\"kc-elm kc_text_block page-intro\"><\/p>\n<p style=\"text-align: center;\">Producci\u00f3 Audiovisual i Ag\u00e8ncia de Comunicaci\u00f3. Professionals del Periodisme i la Comunicaci\u00f3 Audiovisual.<\/p>\n<p>\n<\/div><div class=\"kc-elm kc_text_block\"><\/p>\n<p style=\"text-align: center;\">Al 2005, despr\u00e9s de completar la nostra formaci\u00f3, vam comen\u00e7ar a experimentar en el m\u00f3n del documental autoprodu\u00eft i aix\u00ed es van realitzar les primeres produccions. Durant un temps v\u00e0rem compaginar periodisme autofinan\u00e7at amb feines en diferents mitjans de comunicaci\u00f3 (r\u00e0dio, televisi\u00f3, premsa, internet) i amb la doc\u00e8ncia universit\u00e0ria com a professors associats a la Universitat Aut\u00f2noma de Barcelona. Aquestes experi\u00e8ncies ens van permetre con\u00e8ixer en profunditat la professi\u00f3 i un sector complicat per\u00f2 en constant evoluci\u00f3. Vam explorar i entendre l&#8217;entorn en qu\u00e8 ens haur\u00edem de moure en un futur que ja s&#8217;havia fet present. Al 2009 va n\u00e9ixer HOW.<\/p>\n<p>Des de llavors treballem com a Productora Audiovisual i Ag\u00e8ncia de Comunicaci\u00f3 envoltats d&#8217;un equip multidisciplinari amb l&#8217;objectiu de generar continguts i oferir les millors solucions comunicatives als nostres clients. A m\u00e9s, creiem que un m\u00f3n millor \u00e9s possible i que l&#8217;audiovisual pot ajudar a associacions, entitats o empreses a aconseguir-ho.<\/p>\n<p>M\u00e9s de 10 anys despr\u00e9s podem concloure que les m\u00faltiples experi\u00e8ncies professionals, per\u00f2 sobretot la satisfacci\u00f3 dels nostres clients, col\u00b7laboradors i amics, avalen la feina feta fins ara. How est\u00e0 m\u00e9s present que mai i seguim amb el mateix entusiasme del primer dia. La nostra creativitat, implicaci\u00f3 i seriositat es mantindran fermes en cadascun dels projectes que apareguin. Qualsevol idea ser\u00e0 benvinguda.<\/p>\n<p>Ens expliques la teva?<\/p>\n<p>\n<\/div><\/div><\/div><\/div><\/div><\/section><section class=\"kc-elm kc-css-2912477|padding-top: 50px; kc_row kc-css-2912477|padding-top: 50px; quines-somos-ceo animated eff-fadeInUp delay-200ms kc-css-2912477|padding-top: 50px;\"><div class=\"kc-row-container  kc-container\"><div class=\"kc-wrap-columns\"><div class=\"kc-elm kc_col-sm-1 kc_column kc_col-sm-1\"><div class=\"kc-col-container\"><\/div><\/div><div class=\"kc-elm kc_col-sm-10 kc_column kc_col-sm-10\"><div class=\"kc-col-container\"><div class=\"kc-elm kc_shortcode kc_single_image\">\n\n        <img decoding=\"async\" src=\"https:\/\/www.howav.com\/wp-content\/uploads\/2016\/06\/Fotos-curriculum-Carlos-V-1-e1516207836947.png\" class=\"\" alt=\"\" \/>    <\/div>\n<\/div><\/div><div class=\"kc-elm kc_col-sm-1 kc_column kc_col-sm-1\"><div class=\"kc-col-container\"><\/div><\/div><\/div><\/div><\/section><section class=\"kc-elm kc-css-590260|background: #81c3af url(http:\/\/www.howav.com\/wp-content\/uploads\/2016\/06\/bggreen.png) repeat-x; padding-top: 50px; padding-bottom: 50px; background-size: ; kc_row kc-css-590260|background: #81c3af url(http:\/\/www.howav.com\/wp-content\/uploads\/2016\/06\/bggreen.png) repeat-x; padding-top: 50px; padding-bottom: 50px; background-size: ; quines-somos-ceo-text animated eff-fadeInUp delay-200ms kc-css-590260|background: #81c3af url(http:\/\/www.howav.com\/wp-content\/uploads\/2016\/06\/bggreen.png) repeat-x; padding-top: 50px; padding-bottom: 50px; background-size: ;\"><div class=\"kc-row-container  kc-container\"><div class=\"kc-wrap-columns\"><div class=\"kc-elm kc_col-sm-4 kc_column kc_col-sm-4\"><div class=\"kc-col-container\"><\/div><\/div><div class=\"kc-elm kc_col-sm-4 kc_column kc_col-sm-4\"><div class=\"kc-col-container\">\n<div class=\"kc-elm kc-css-1815613|text-align: center; kc-title-wrap \">\n\n\t<h3 class=\"kc_title\">Carlos Garcia Vera<\/h3>\n<\/div>\n<div class=\"kc-elm kc_text_block\"><\/p>\n<p style=\"text-align: center;\">Periodista, professional de la comunicaci\u00f3, noves tecnologies i empresa.<br \/>\nResideixo a Barcelona i actualment dirigeixo HOW Audiovisual &amp; Multim\u00e8dia (Productora Audiovisual i Ag\u00e8ncia de Comunicaci\u00f3) a m\u00e9s de col\u00b7laborar amb diferents departaments de premsa i mitjans de comunicaci\u00f3.<\/p>\n<p>Llicenciat en Periodisme (UAB) i Diplomat en CC Empresarials (M\u00e0rqueting, UB). Experi\u00e8ncia en mitjans de comunicaci\u00f3 (Com R\u00e0dio, Cadena SER, Mediaset, CNBC, La Xarxa, La Vanguardia, Mundo Deportivo, etc.)<br \/>\nProjectes en \u00e0rees de Solidaritat, Cooperaci\u00f3 i Desenvolupament, Comunicaci\u00f3 i Educaci\u00f3, Comunicaci\u00f3 Pol\u00edtica, etc. Docent associat a la Universitat Aut\u00f2noma de Barcelona (Periodisme, Publicitat i Comunicaci\u00f3 Audiovisual)<\/p>\n<p>Imatge, comunicaci\u00f3, premsa, realitzaci\u00f3, c\u00e0mera, muntatge, producci\u00f3, gesti\u00f3, xarxes.<\/p>\n<p>\n<\/div><\/div><\/div><div class=\"kc-elm kc_col-sm-4 kc_column kc_col-sm-4\"><div class=\"kc-col-container\"><\/div><\/div><\/div><\/div><\/section><section class=\"kc-elm kc-css-2300155|padding-top: 70px; kc_row kc-css-2300155|padding-top: 70px; animated eff-fadeInUp delay-200ms kc-css-2300155|padding-top: 70px;\"><div class=\"kc-row-container  kc-container\"><div class=\"kc-wrap-columns\"><div class=\"kc-elm kc_col-sm-6 kc_column kc_col-sm-6\"><div class=\"animated eff-fadeInUp delay-200ms kc-col-container\"><div class=\"kc-elm kc_row kc_row_inner\"><div class=\"kc-elm kc-css-2189740|margin-bottom: 20px; animation-delay: 200ms; kc_col-sm-12 kc_column_inner kc_col-sm-12 kc-css-2189740|margin-bottom: 20px; animation-delay: 200ms;\"><div class=\"kc_wrapper kc-col-inner-container\">\n\t<div class=\"kc-elm kc_shortcode kc_video_play kc_video_wrapper\" data-video=\"https:\/\/vimeo.com\/184110661\" data-width=\"600\" data-height=\"338.98305084746\" data-fullwidth=\"\" data-autoplay=\"\" data-loop=\"yes\" data-control=\"yes\" data-related=\"no\" data-showinfo=\"no\" data-kc-video-mute=\"no\">\n\t\t\t<\/div>\n\n<\/div><\/div><\/div><\/div><\/div><div class=\"kc-elm kc_col-sm-6 kc_column kc_col-sm-6\"><div class=\"animated eff-fadeInUp delay-200ms kc-col-container\"><div class=\"kc-elm kc_row kc_row_inner home-porque\"><div class=\"kc-elm kc_col-sm-12 kc_column_inner kc_col-sm-12\"><div class=\"kc_wrapper kc-col-inner-container\">\n<div class=\"kc-elm kc-title-wrap \">\n\n\t<h2 class=\"kc_title\">PER QU\u00c8 HOW ?<\/h2>\n<\/div>\n\n<div class=\"kc-elm kc-title-wrap \">\n\n\t<h4 class=\"kc_title\">Perqu\u00e8 apostem per un treball artes\u00e0 i individualitzat per a cadascun dels nostres projectes.<\/h4>\n<\/div>\n<div class=\"divider_line1 divider-icon divider-title\"><\/div><div class=\"kc-elm kc_text_block\"><p>Ning\u00fa millor que tu sap qu\u00e8 necessita. Nosaltres proposem, t&#8217;assessorem i ho fem possible. Junts desenvolupem les teves idees, posicionem la teva imatge de marca, comuniquem i difonem els teus treballs. T\u2019ajudem a cr\u00e9ixer.<\/p>\n<\/div><\/div><\/div><\/div><\/div><\/div><\/div><\/div><\/section><\/p>\n","protected":false},"excerpt":{"rendered":"","protected":false},"author":1,"featured_media":0,"parent":0,"menu_order":0,"comment_status":"closed","ping_status":"closed","template":"","meta":{"footnotes":""},"yoast_head":"<!-- This site is optimized with the Yoast SEO plugin v19.9 - https:\/\/yoast.com\/wordpress\/plugins\/seo\/ -->\n<title>HOW - How<\/title>\n<meta name=\"robots\" content=\"index, follow, max-snippet:-1, max-image-preview:large, max-video-preview:-1\" \/>\n<link rel=\"canonical\" href=\"https:\/\/www.howav.com\/ca\/how\/\" \/>\n<meta property=\"og:locale\" content=\"ca_ES\" \/>\n<meta property=\"og:type\" content=\"article\" \/>\n<meta property=\"og:title\" content=\"HOW - How\" \/>\n<meta property=\"og:url\" content=\"https:\/\/www.howav.com\/ca\/how\/\" \/>\n<meta property=\"og:site_name\" content=\"How\" \/>\n<meta property=\"article:modified_time\" content=\"2017-03-06T22:10:05+00:00\" \/>\n<meta name=\"twitter:card\" content=\"summary_large_image\" \/>\n<meta name=\"twitter:label1\" content=\"Temps estimat de lectura\" \/>\n\t<meta name=\"twitter:data1\" content=\"5 minuts\" \/>\n<script type=\"application\/ld+json\" class=\"yoast-schema-graph\">{\"@context\":\"https:\/\/schema.org\",\"@graph\":[{\"@type\":\"WebPage\",\"@id\":\"https:\/\/www.howav.com\/ca\/how\/\",\"url\":\"https:\/\/www.howav.com\/ca\/how\/\",\"name\":\"HOW - How\",\"isPartOf\":{\"@id\":\"https:\/\/www.howav.com\/#website\"},\"datePublished\":\"2016-06-10T16:50:00+00:00\",\"dateModified\":\"2017-03-06T22:10:05+00:00\",\"breadcrumb\":{\"@id\":\"https:\/\/www.howav.com\/ca\/how\/#breadcrumb\"},\"inLanguage\":\"ca\",\"potentialAction\":[{\"@type\":\"ReadAction\",\"target\":[\"https:\/\/www.howav.com\/ca\/how\/\"]}]},{\"@type\":\"BreadcrumbList\",\"@id\":\"https:\/\/www.howav.com\/ca\/how\/#breadcrumb\",\"itemListElement\":[{\"@type\":\"ListItem\",\"position\":1,\"name\":\"Portada\",\"item\":\"https:\/\/www.howav.com\/ca\/\"},{\"@type\":\"ListItem\",\"position\":2,\"name\":\"HOW\"}]},{\"@type\":\"WebSite\",\"@id\":\"https:\/\/www.howav.com\/#website\",\"url\":\"https:\/\/www.howav.com\/\",\"name\":\"How\",\"description\":\"Otro sitio realizado con WordPress\",\"potentialAction\":[{\"@type\":\"SearchAction\",\"target\":{\"@type\":\"EntryPoint\",\"urlTemplate\":\"https:\/\/www.howav.com\/?s={search_term_string}\"},\"query-input\":\"required name=search_term_string\"}],\"inLanguage\":\"ca\"}]}<\/script>\n<!-- \/ Yoast SEO plugin. -->","yoast_head_json":{"title":"HOW - How","robots":{"index":"index","follow":"follow","max-snippet":"max-snippet:-1","max-image-preview":"max-image-preview:large","max-video-preview":"max-video-preview:-1"},"canonical":"https:\/\/www.howav.com\/ca\/how\/","og_locale":"ca_ES","og_type":"article","og_title":"HOW - How","og_url":"https:\/\/www.howav.com\/ca\/how\/","og_site_name":"How","article_modified_time":"2017-03-06T22:10:05+00:00","twitter_card":"summary_large_image","twitter_misc":{"Temps estimat de lectura":"5 minuts"},"schema":{"@context":"https:\/\/schema.org","@graph":[{"@type":"WebPage","@id":"https:\/\/www.howav.com\/ca\/how\/","url":"https:\/\/www.howav.com\/ca\/how\/","name":"HOW - How","isPartOf":{"@id":"https:\/\/www.howav.com\/#website"},"datePublished":"2016-06-10T16:50:00+00:00","dateModified":"2017-03-06T22:10:05+00:00","breadcrumb":{"@id":"https:\/\/www.howav.com\/ca\/how\/#breadcrumb"},"inLanguage":"ca","potentialAction":[{"@type":"ReadAction","target":["https:\/\/www.howav.com\/ca\/how\/"]}]},{"@type":"BreadcrumbList","@id":"https:\/\/www.howav.com\/ca\/how\/#breadcrumb","itemListElement":[{"@type":"ListItem","position":1,"name":"Portada","item":"https:\/\/www.howav.com\/ca\/"},{"@type":"ListItem","position":2,"name":"HOW"}]},{"@type":"WebSite","@id":"https:\/\/www.howav.com\/#website","url":"https:\/\/www.howav.com\/","name":"How","description":"Otro sitio realizado con WordPress","potentialAction":[{"@type":"SearchAction","target":{"@type":"EntryPoint","urlTemplate":"https:\/\/www.howav.com\/?s={search_term_string}"},"query-input":"required name=search_term_string"}],"inLanguage":"ca"}]}},"_links":{"self":[{"href":"https:\/\/www.howav.com\/ca\/wp-json\/wp\/v2\/pages\/337"}],"collection":[{"href":"https:\/\/www.howav.com\/ca\/wp-json\/wp\/v2\/pages"}],"about":[{"href":"https:\/\/www.howav.com\/ca\/wp-json\/wp\/v2\/types\/page"}],"author":[{"embeddable":true,"href":"https:\/\/www.howav.com\/ca\/wp-json\/wp\/v2\/users\/1"}],"replies":[{"embeddable":true,"href":"https:\/\/www.howav.com\/ca\/wp-json\/wp\/v2\/comments?post=337"}],"version-history":[{"count":5,"href":"https:\/\/www.howav.com\/ca\/wp-json\/wp\/v2\/pages\/337\/revisions"}],"predecessor-version":[{"id":915,"href":"https:\/\/www.howav.com\/ca\/wp-json\/wp\/v2\/pages\/337\/revisions\/915"}],"wp:attachment":[{"href":"https:\/\/www.howav.com\/ca\/wp-json\/wp\/v2\/media?parent=337"}],"curies":[{"name":"wp","href":"https:\/\/api.w.org\/{rel}","templated":true}]}}