{"id":333,"date":"2016-06-09T19:04:52","date_gmt":"2016-06-09T19:04:52","guid":{"rendered":"http:\/\/www.howav.com\/ca\/?page_id=333"},"modified":"2017-01-30T19:55:48","modified_gmt":"2017-01-30T19:55:48","slug":"politica-de-cookies","status":"publish","type":"page","link":"https:\/\/www.howav.com\/ca\/politica-de-cookies\/","title":{"rendered":"Pol\u00edtica de cookies"},"content":{"rendered":"<section class=\"kc-elm kc_row\"><div class=\"kc-row-container  kc-container\"><div class=\"kc-wrap-columns\"><div class=\"kc-elm kc_col-sm-12 kc_column kc_col-sm-12\"><div class=\"kc-col-container\"><div class=\"kc-elm kc_text_block\"><\/p>\n<h4 style=\"text-align: left;\">Qu\u00e8 s\u00f3n les cookies?<b> <\/b><\/h4>\n<p style=\"text-align: left;\">Una cookie \u00e9s un petit text que un lloc web envia al teu navegador quan el visites. La cookie ajuda el lloc web a recordar informaci\u00f3 sobre la teva visita, com per exemple la prefer\u00e8ncia d&#8217;idioma i altres par\u00e0metres de configuraci\u00f3.<br \/>\nAix\u00f2 pot fer que la teva propera visita sigui m\u00e9s f\u00e0cil i r\u00e0pida, i que el web et sigui m\u00e9s \u00fatil.<br \/>\nLes cookies s\u00f3n eficaces per millorar la teva experi\u00e8ncia de navegaci\u00f3 com a usuari i s&#8217;utilitzen en la majoria de llocs web.<\/p>\n<h4 style=\"text-align: left;\">Quines cookies utilitzem?<b> <\/b><\/h4>\n<p style=\"text-align: left;\">A la web de How utilitzem cookies pr\u00f2pies i de tercers amb les seg\u00fcents finalitats:<\/p>\n<ul style=\"text-align: left;\">\n<li>Recordar la prefer\u00e8ncia d\u00b4idioma de l\u00b4usuario.<\/li>\n<li>Facilitar la navegaci\u00f3.<\/li>\n<li>Recopilar dades estad\u00edstiques sobre l\u00b4utilitzaci\u00f3 de la nostra web. Aquestes dades s\u00f3n an\u00f2nimes i serveixen per proporcionar-nos informaci\u00f3 com el n\u00famero de visitants, la durada de la visita, les p\u00e0gines visitades, el navegadore que fan servir els nostres usuaris la seva resoluci\u00f3 de pantalla preferida.<\/li>\n<\/ul>\n<p style=\"text-align: left;\">En cap cas utilitzarem cookies amb les teves dades personals.<\/p>\n<p style=\"text-align: left;\">Les dades obtenides es fan servir per millorar la teva navegaci\u00f3 i per obtenir informaci\u00f3 estad\u00edstica sobre l\u00b4\u00fas que fan els usuaris de la nostra web<\/p>\n<p style=\"text-align: left;\">A How considerem que les cookies s\u00f3n una eina \u00fatil per oferir-te la millor experi\u00e8ncia possible de navegaci\u00f3.<\/p>\n<h4 style=\"text-align: left;\"><strong>Puc desactivar les cookies?<\/strong><b> <\/b><\/h4>\n<div style=\"text-align: left;\"><\/div>\n<p style=\"text-align: left;\">Els navegadors et permeten restringir, bloquejar i esborrar les cookies.<\/p>\n<p style=\"text-align: left;\">Cada navegador t\u00e9 una configuraci\u00f3 diferent. per ajudar-te, a continuaci\u00f3 t\u00b4indiquem els enlla\u00e7os amb les instruccions per gestionar o bloquejar les cookies dels navegadors m\u00e9s comuns:<\/p>\n<p style=\"text-align: left;\">Chrome: <a href=\"https:\/\/support.google.com\/chrome\/answer\/95647?hl=es\">configuraci\u00f3n de cookies<br \/>\n<\/a>Internet Explorer: <a href=\"http:\/\/windows.microsoft.com\/es-es\/windows7\/how-to-manage-cookies-in-internet-explorer-9\">configuraci\u00f3n de cookies<br \/>\n<\/a>Firefox: <a href=\"https:\/\/support.mozilla.org\/es\/kb\/habilitar-y-deshabilitar-cookies-que-los-sitios-we\">configuraci\u00f3n de cookies<br \/>\n<\/a>Safari: <a href=\"https:\/\/support.apple.com\/kb\/HT1677?viewlocale=es_ES\">configuraci\u00f3n de cookies<\/a><\/p>\n<p>\n<\/div><\/div><\/div><\/div><\/div><\/section>\n","protected":false},"excerpt":{"rendered":"","protected":false},"author":1,"featured_media":0,"parent":0,"menu_order":0,"comment_status":"closed","ping_status":"closed","template":"","meta":{"footnotes":""},"yoast_head":"<!-- This site is optimized with the Yoast SEO plugin v19.9 - https:\/\/yoast.com\/wordpress\/plugins\/seo\/ -->\n<title>Pol\u00edtica de cookies - How<\/title>\n<meta name=\"robots\" content=\"index, follow, max-snippet:-1, max-image-preview:large, max-video-preview:-1\" \/>\n<link rel=\"canonical\" href=\"https:\/\/www.howav.com\/ca\/politica-de-cookies\/\" \/>\n<meta property=\"og:locale\" content=\"ca_ES\" \/>\n<meta property=\"og:type\" content=\"article\" \/>\n<meta property=\"og:title\" content=\"Pol\u00edtica de cookies - How\" \/>\n<meta property=\"og:url\" content=\"https:\/\/www.howav.com\/ca\/politica-de-cookies\/\" \/>\n<meta property=\"og:site_name\" content=\"How\" \/>\n<meta property=\"article:modified_time\" content=\"2017-01-30T19:55:48+00:00\" \/>\n<meta name=\"twitter:card\" content=\"summary_large_image\" \/>\n<meta name=\"twitter:label1\" content=\"Temps estimat de lectura\" \/>\n\t<meta name=\"twitter:data1\" content=\"2 minuts\" \/>\n<script type=\"application\/ld+json\" class=\"yoast-schema-graph\">{\"@context\":\"https:\/\/schema.org\",\"@graph\":[{\"@type\":\"WebPage\",\"@id\":\"https:\/\/www.howav.com\/ca\/politica-de-cookies\/\",\"url\":\"https:\/\/www.howav.com\/ca\/politica-de-cookies\/\",\"name\":\"Pol\u00edtica de cookies - How\",\"isPartOf\":{\"@id\":\"https:\/\/www.howav.com\/#website\"},\"datePublished\":\"2016-06-09T19:04:52+00:00\",\"dateModified\":\"2017-01-30T19:55:48+00:00\",\"breadcrumb\":{\"@id\":\"https:\/\/www.howav.com\/ca\/politica-de-cookies\/#breadcrumb\"},\"inLanguage\":\"ca\",\"potentialAction\":[{\"@type\":\"ReadAction\",\"target\":[\"https:\/\/www.howav.com\/ca\/politica-de-cookies\/\"]}]},{\"@type\":\"BreadcrumbList\",\"@id\":\"https:\/\/www.howav.com\/ca\/politica-de-cookies\/#breadcrumb\",\"itemListElement\":[{\"@type\":\"ListItem\",\"position\":1,\"name\":\"Portada\",\"item\":\"https:\/\/www.howav.com\/ca\/\"},{\"@type\":\"ListItem\",\"position\":2,\"name\":\"Pol\u00edtica de cookies\"}]},{\"@type\":\"WebSite\",\"@id\":\"https:\/\/www.howav.com\/#website\",\"url\":\"https:\/\/www.howav.com\/\",\"name\":\"How\",\"description\":\"Otro sitio realizado con WordPress\",\"potentialAction\":[{\"@type\":\"SearchAction\",\"target\":{\"@type\":\"EntryPoint\",\"urlTemplate\":\"https:\/\/www.howav.com\/?s={search_term_string}\"},\"query-input\":\"required name=search_term_string\"}],\"inLanguage\":\"ca\"}]}<\/script>\n<!-- \/ Yoast SEO plugin. -->","yoast_head_json":{"title":"Pol\u00edtica de cookies - How","robots":{"index":"index","follow":"follow","max-snippet":"max-snippet:-1","max-image-preview":"max-image-preview:large","max-video-preview":"max-video-preview:-1"},"canonical":"https:\/\/www.howav.com\/ca\/politica-de-cookies\/","og_locale":"ca_ES","og_type":"article","og_title":"Pol\u00edtica de cookies - How","og_url":"https:\/\/www.howav.com\/ca\/politica-de-cookies\/","og_site_name":"How","article_modified_time":"2017-01-30T19:55:48+00:00","twitter_card":"summary_large_image","twitter_misc":{"Temps estimat de lectura":"2 minuts"},"schema":{"@context":"https:\/\/schema.org","@graph":[{"@type":"WebPage","@id":"https:\/\/www.howav.com\/ca\/politica-de-cookies\/","url":"https:\/\/www.howav.com\/ca\/politica-de-cookies\/","name":"Pol\u00edtica de cookies - How","isPartOf":{"@id":"https:\/\/www.howav.com\/#website"},"datePublished":"2016-06-09T19:04:52+00:00","dateModified":"2017-01-30T19:55:48+00:00","breadcrumb":{"@id":"https:\/\/www.howav.com\/ca\/politica-de-cookies\/#breadcrumb"},"inLanguage":"ca","potentialAction":[{"@type":"ReadAction","target":["https:\/\/www.howav.com\/ca\/politica-de-cookies\/"]}]},{"@type":"BreadcrumbList","@id":"https:\/\/www.howav.com\/ca\/politica-de-cookies\/#breadcrumb","itemListElement":[{"@type":"ListItem","position":1,"name":"Portada","item":"https:\/\/www.howav.com\/ca\/"},{"@type":"ListItem","position":2,"name":"Pol\u00edtica de cookies"}]},{"@type":"WebSite","@id":"https:\/\/www.howav.com\/#website","url":"https:\/\/www.howav.com\/","name":"How","description":"Otro sitio realizado con WordPress","potentialAction":[{"@type":"SearchAction","target":{"@type":"EntryPoint","urlTemplate":"https:\/\/www.howav.com\/?s={search_term_string}"},"query-input":"required name=search_term_string"}],"inLanguage":"ca"}]}},"_links":{"self":[{"href":"https:\/\/www.howav.com\/ca\/wp-json\/wp\/v2\/pages\/333"}],"collection":[{"href":"https:\/\/www.howav.com\/ca\/wp-json\/wp\/v2\/pages"}],"about":[{"href":"https:\/\/www.howav.com\/ca\/wp-json\/wp\/v2\/types\/page"}],"author":[{"embeddable":true,"href":"https:\/\/www.howav.com\/ca\/wp-json\/wp\/v2\/users\/1"}],"replies":[{"embeddable":true,"href":"https:\/\/www.howav.com\/ca\/wp-json\/wp\/v2\/comments?post=333"}],"version-history":[{"count":3,"href":"https:\/\/www.howav.com\/ca\/wp-json\/wp\/v2\/pages\/333\/revisions"}],"predecessor-version":[{"id":897,"href":"https:\/\/www.howav.com\/ca\/wp-json\/wp\/v2\/pages\/333\/revisions\/897"}],"wp:attachment":[{"href":"https:\/\/www.howav.com\/ca\/wp-json\/wp\/v2\/media?parent=333"}],"curies":[{"name":"wp","href":"https:\/\/api.w.org\/{rel}","templated":true}]}}