{"id":331,"date":"2016-06-10T16:48:41","date_gmt":"2016-06-10T16:48:41","guid":{"rendered":"http:\/\/www.howav.com\/ca\/?page_id=331"},"modified":"2017-01-30T19:14:13","modified_gmt":"2017-01-30T19:14:13","slug":"documentals","status":"publish","type":"page","link":"https:\/\/www.howav.com\/ca\/documentals\/","title":{"rendered":"Documentals"},"content":{"rendered":"<p><section class=\"kc-elm kc_row animated eff-fadeInUp delay-200ms\"><div class=\"kc-row-container  kc-container\"><div class=\"kc-wrap-columns\"><div class=\"kc-elm kc_col-sm-12 kc_column kc_col-sm-12 title-with-line main-title\"><div class=\"kc-col-container\"><div class=\"divider_line1 divider-icon \"><\/div>\n<div class=\"kc-elm kc-title-wrap \">\n\n\t<h1 class=\"kc_title\">DOCUMENTALS<\/h1>\n<\/div>\n<div class=\"divider_line1 divider-icon \"><\/div><\/div><\/div><\/div><\/div><\/section><section class=\"kc-elm kc_row animated eff-fadeInUp delay-200ms\"><div class=\"kc-row-container  kc-container\"><div class=\"kc-wrap-columns\"><div class=\"kc-elm kc_column kc_col-sm-12\"><div class=\"kc-col-container\"><div class=\"kc-elm kc_text_block page-intro\"><\/p>\n<p style=\"text-align: center;\">El Documental ha estat i es la nostra principal inspiraci\u00f3. Realitzem pel\u00b7l\u00edcules pr\u00f2pies, per enc\u00e0rrec o en coproducci\u00f3. Ens encarreguem de la producci\u00f3, la direcci\u00f3, la realitzaci\u00f3 i el muntatge, la postproducci\u00f3 i la difusi\u00f3. Els nostres documentals, una desena entre propis i col\u00b7laboracions, han participat en innombrables projeccions i festivals. Molts d\u2019ells son produccions period\u00edstiques i de gran implicaci\u00f3 social d&#8217;acord amb els moments que ens ha tocat viure, per\u00f2 tamb\u00e9 corporatives, biogr\u00e0fiques, geogr\u00e0fiques o educatives. Assumir un treball de recerca i documentaci\u00f3, que es plasmi en una pel\u00b7l\u00edcula, que el vegin centenars de persones i que a m\u00e9s ajudi a l&#8217;an\u00e0lisi de la nostra societat i a la seva millora possiblement \u00e9s un dels nostres majors orgulls.<\/p>\n<p>\n<\/div><\/div><\/div><\/div><\/div><\/section><section class=\"kc-elm kc-css-7101845|padding-top: 20px; kc_row kc-css-7101845|padding-top: 20px; animated eff-fadeInUp delay-200ms kc-css-7101845|padding-top: 20px;\"><div class=\"kc-row-container  kc-container\"><div class=\"kc-wrap-columns\"><div class=\"kc-elm kc_col-sm-12 kc_column kc_col-sm-12\"><div class=\"kc-col-container\">\t\n\t<div id=\"js-grid-full-width-zourlKfXbV\" class=\"cbp js-grid-full-width\" data-cols=\"3\" data-gap=\"10\">\n\n\t\t\t\t\t\t<div class=\"cbp-item\">\n\t\t\t\t\t<a href=\"https:\/\/www.howav.com\/ca\/our-works\/animacio-del-documental-cuidado-resbala\/\" class=\"cbp-caption\" data-title=\"Animaci\u00f3 del documental \u2018Cuidado Resbala\u2019 <a href='https:\/\/www.howav.com\/ca\/our-works\/animacio-del-documental-cuidado-resbala\/'>Read More &raquo;<\/a>\">\n\t\t\t\t\t\t<div class=\"cbp-caption-defaultWrap\">\n\t\t\t\t\t\t\t<img decoding=\"async\" src=\"https:\/\/www.howav.com\/wp-content\/uploads\/2016\/05\/proyecto-680x400xct.jpg\" alt=\"\">\n\t\t\t\t\t\t<\/div>\n\t\t\t\t\t\t<div class=\"cbp-caption-activeWrap\">\n\t\t\t\t\t\t\t<div class=\"cbp-l-caption-alignLeft\">\n\t\t\t\t\t\t\t\t<div class=\"cbp-l-caption-body\">\n\t\t\t\t\t\t\t\t\t<div class=\"cbp-l-caption-title\">Animaci\u00f3 del documental \u2018Cuidado Resbala\u2019<\/div>\n\t\t\t\t\t\t\t\t\t<div class=\"cbp-l-caption-sep\"><\/div>\n\t\t\t\t\t\t\t\t\t<div class=\"cbp-l-caption-desc\">Documental sobre las trabajadoras del hogar<\/div>\n\t\t\t\t\t\t\t\t<\/div>\n\t\t\t\t\t\t\t<\/div>\n\t\t\t\t\t\t<\/div>\n\t\t\t\t\t<\/a>\n\t\t\t\t<\/div>\n\n\t\t\t\t\t\t<div class=\"cbp-item\">\n\t\t\t\t\t<a href=\"https:\/\/www.howav.com\/ca\/our-works\/cambio-climatico-ciudad\/\" class=\"cbp-caption\" data-title=\"\u2018Cambio Clim\u00e1tico y Ciudad\u2019 <a href='https:\/\/www.howav.com\/ca\/our-works\/cambio-climatico-ciudad\/'>Read More &raquo;<\/a>\">\n\t\t\t\t\t\t<div class=\"cbp-caption-defaultWrap\">\n\t\t\t\t\t\t\t<img decoding=\"async\" src=\"https:\/\/www.howav.com\/wp-content\/uploads\/2016\/09\/cambio-climatico-680x400xct.jpg\" alt=\"\">\n\t\t\t\t\t\t<\/div>\n\t\t\t\t\t\t<div class=\"cbp-caption-activeWrap\">\n\t\t\t\t\t\t\t<div class=\"cbp-l-caption-alignLeft\">\n\t\t\t\t\t\t\t\t<div class=\"cbp-l-caption-body\">\n\t\t\t\t\t\t\t\t\t<div class=\"cbp-l-caption-title\">\u2018Cambio Clim\u00e1tico y Ciudad\u2019<\/div>\n\t\t\t\t\t\t\t\t\t<div class=\"cbp-l-caption-sep\"><\/div>\n\t\t\t\t\t\t\t\t\t<div class=\"cbp-l-caption-desc\">Ecologistas en Acci\u00f3n<\/div>\n\t\t\t\t\t\t\t\t<\/div>\n\t\t\t\t\t\t\t<\/div>\n\t\t\t\t\t\t<\/div>\n\t\t\t\t\t<\/a>\n\t\t\t\t<\/div>\n\n\t\t\t\t\t\t<div class=\"cbp-item\">\n\t\t\t\t\t<a href=\"https:\/\/www.howav.com\/ca\/our-works\/trailer-del-documental-musicoterapia-vida-al-final-la-vida\/\" class=\"cbp-caption\" data-title=\"Tr\u00e0iler del documental &#8216;MUSICOTER\u00c0PIA &#8211; VIDA AL FINAL DE LA VIDA&#8217; <a href='https:\/\/www.howav.com\/ca\/our-works\/trailer-del-documental-musicoterapia-vida-al-final-la-vida\/'>Read More &raquo;<\/a>\">\n\t\t\t\t\t\t<div class=\"cbp-caption-defaultWrap\">\n\t\t\t\t\t\t\t<img decoding=\"async\" src=\"https:\/\/www.howav.com\/wp-content\/uploads\/2016\/09\/Documental-\u2018MUSICOTERAPIA-VIDA-AL-FINAL-DE-LA-VIDA\u2019-680x400xct.jpg\" alt=\"\">\n\t\t\t\t\t\t<\/div>\n\t\t\t\t\t\t<div class=\"cbp-caption-activeWrap\">\n\t\t\t\t\t\t\t<div class=\"cbp-l-caption-alignLeft\">\n\t\t\t\t\t\t\t\t<div class=\"cbp-l-caption-body\">\n\t\t\t\t\t\t\t\t\t<div class=\"cbp-l-caption-title\">Tr\u00e0iler del documental &#8216;MUSICOTER\u00c0PIA &#8211; VIDA AL FINAL DE LA VIDA&#8217;<\/div>\n\t\t\t\t\t\t\t\t\t<div class=\"cbp-l-caption-sep\"><\/div>\n\t\t\t\t\t\t\t\t\t<div class=\"cbp-l-caption-desc\">Institut Catal\u00e0 de Musicoter\u00e0pia,  Universitat de Barcelona, Parc de Salut Mar<\/div>\n\t\t\t\t\t\t\t\t<\/div>\n\t\t\t\t\t\t\t<\/div>\n\t\t\t\t\t\t<\/div>\n\t\t\t\t\t<\/a>\n\t\t\t\t<\/div>\n\n\t\t\t\t\t\t<div class=\"cbp-item\">\n\t\t\t\t\t<a href=\"https:\/\/www.howav.com\/ca\/our-works\/la-salut-negoci-la-vida-determinants\/\" class=\"cbp-caption\" data-title=\"La Salut el Negoci de la Vida. Determinants <a href='https:\/\/www.howav.com\/ca\/our-works\/la-salut-negoci-la-vida-determinants\/'>Read More &raquo;<\/a>\">\n\t\t\t\t\t\t<div class=\"cbp-caption-defaultWrap\">\n\t\t\t\t\t\t\t<img decoding=\"async\" src=\"https:\/\/www.howav.com\/wp-content\/uploads\/2016\/09\/trailer-salut-680x400xct.jpg\" alt=\"\">\n\t\t\t\t\t\t<\/div>\n\t\t\t\t\t\t<div class=\"cbp-caption-activeWrap\">\n\t\t\t\t\t\t\t<div class=\"cbp-l-caption-alignLeft\">\n\t\t\t\t\t\t\t\t<div class=\"cbp-l-caption-body\">\n\t\t\t\t\t\t\t\t\t<div class=\"cbp-l-caption-title\">La Salut el Negoci de la Vida. Determinants<\/div>\n\t\t\t\t\t\t\t\t\t<div class=\"cbp-l-caption-sep\"><\/div>\n\t\t\t\t\t\t\t\t\t<div class=\"cbp-l-caption-desc\">HOW, SICOM<\/div>\n\t\t\t\t\t\t\t\t<\/div>\n\t\t\t\t\t\t\t<\/div>\n\t\t\t\t\t\t<\/div>\n\t\t\t\t\t<\/a>\n\t\t\t\t<\/div>\n\n\t\t\t\t\t\t<div class=\"cbp-item\">\n\t\t\t\t\t<a href=\"https:\/\/www.howav.com\/ca\/our-works\/el-daguerre-de-sants\/\" class=\"cbp-caption\" data-title=\"\u2018El Daguerre de Sants\u2019 <a href='https:\/\/www.howav.com\/ca\/our-works\/el-daguerre-de-sants\/'>Read More &raquo;<\/a>\">\n\t\t\t\t\t\t<div class=\"cbp-caption-defaultWrap\">\n\t\t\t\t\t\t\t<img decoding=\"async\" src=\"https:\/\/www.howav.com\/wp-content\/uploads\/2016\/09\/daguerre-680x400xct.jpg\" alt=\"\">\n\t\t\t\t\t\t<\/div>\n\t\t\t\t\t\t<div class=\"cbp-caption-activeWrap\">\n\t\t\t\t\t\t\t<div class=\"cbp-l-caption-alignLeft\">\n\t\t\t\t\t\t\t\t<div class=\"cbp-l-caption-body\">\n\t\t\t\t\t\t\t\t\t<div class=\"cbp-l-caption-title\">\u2018El Daguerre de Sants\u2019<\/div>\n\t\t\t\t\t\t\t\t\t<div class=\"cbp-l-caption-sep\"><\/div>\n\t\t\t\t\t\t\t\t\t<div class=\"cbp-l-caption-desc\">Producci\u00f3n propia<\/div>\n\t\t\t\t\t\t\t\t<\/div>\n\t\t\t\t\t\t\t<\/div>\n\t\t\t\t\t\t<\/div>\n\t\t\t\t\t<\/a>\n\t\t\t\t<\/div>\n\n\t\t\t\t\t\t<div class=\"cbp-item\">\n\t\t\t\t\t<a href=\"https:\/\/www.howav.com\/ca\/our-works\/enregistrament-al-senegal\/\" class=\"cbp-caption\" data-title=\"Enregistrament al Senegal <a href='https:\/\/www.howav.com\/ca\/our-works\/enregistrament-al-senegal\/'>Read More &raquo;<\/a>\">\n\t\t\t\t\t\t<div class=\"cbp-caption-defaultWrap\">\n\t\t\t\t\t\t\t<img decoding=\"async\" src=\"https:\/\/www.howav.com\/wp-content\/uploads\/2016\/09\/senegal-680x400xct.jpg\" alt=\"\">\n\t\t\t\t\t\t<\/div>\n\t\t\t\t\t\t<div class=\"cbp-caption-activeWrap\">\n\t\t\t\t\t\t\t<div class=\"cbp-l-caption-alignLeft\">\n\t\t\t\t\t\t\t\t<div class=\"cbp-l-caption-body\">\n\t\t\t\t\t\t\t\t\t<div class=\"cbp-l-caption-title\">Enregistrament al Senegal<\/div>\n\t\t\t\t\t\t\t\t\t<div class=\"cbp-l-caption-sep\"><\/div>\n\t\t\t\t\t\t\t\t\t<div class=\"cbp-l-caption-desc\">Sandra Valent<\/div>\n\t\t\t\t\t\t\t\t<\/div>\n\t\t\t\t\t\t\t<\/div>\n\t\t\t\t\t\t<\/div>\n\t\t\t\t\t<\/a>\n\t\t\t\t<\/div>\n\n\t\t\t\t\t\t<div class=\"cbp-item\">\n\t\t\t\t\t<a href=\"https:\/\/www.howav.com\/ca\/our-works\/vacaciones-en-paz\/\" class=\"cbp-caption\" data-title=\"\u2018Vacaciones en paz\u2019 <a href='https:\/\/www.howav.com\/ca\/our-works\/vacaciones-en-paz\/'>Read More &raquo;<\/a>\">\n\t\t\t\t\t\t<div class=\"cbp-caption-defaultWrap\">\n\t\t\t\t\t\t\t<img decoding=\"async\" src=\"https:\/\/www.howav.com\/wp-content\/uploads\/2016\/09\/vacaciones-680x400xct.jpg\" alt=\"\">\n\t\t\t\t\t\t<\/div>\n\t\t\t\t\t\t<div class=\"cbp-caption-activeWrap\">\n\t\t\t\t\t\t\t<div class=\"cbp-l-caption-alignLeft\">\n\t\t\t\t\t\t\t\t<div class=\"cbp-l-caption-body\">\n\t\t\t\t\t\t\t\t\t<div class=\"cbp-l-caption-title\">\u2018Vacaciones en paz\u2019<\/div>\n\t\t\t\t\t\t\t\t\t<div class=\"cbp-l-caption-sep\"><\/div>\n\t\t\t\t\t\t\t\t\t<div class=\"cbp-l-caption-desc\">Producci\u00f3n propia <\/div>\n\t\t\t\t\t\t\t\t<\/div>\n\t\t\t\t\t\t\t<\/div>\n\t\t\t\t\t\t<\/div>\n\t\t\t\t\t<\/a>\n\t\t\t\t<\/div>\n\n\t\t\n\t<\/div>\n\n<\/div><\/div><\/div><\/div><\/section><\/p>\n","protected":false},"excerpt":{"rendered":"","protected":false},"author":1,"featured_media":0,"parent":0,"menu_order":0,"comment_status":"closed","ping_status":"closed","template":"","meta":{"footnotes":""},"yoast_head":"<!-- This site is optimized with the Yoast SEO plugin v19.9 - https:\/\/yoast.com\/wordpress\/plugins\/seo\/ -->\n<title>Documentals - How<\/title>\n<meta name=\"robots\" content=\"index, follow, max-snippet:-1, max-image-preview:large, max-video-preview:-1\" \/>\n<link rel=\"canonical\" href=\"https:\/\/www.howav.com\/ca\/documentals\/\" \/>\n<meta property=\"og:locale\" content=\"ca_ES\" \/>\n<meta property=\"og:type\" content=\"article\" \/>\n<meta property=\"og:title\" content=\"Documentals - How\" \/>\n<meta property=\"og:url\" content=\"https:\/\/www.howav.com\/ca\/documentals\/\" \/>\n<meta property=\"og:site_name\" content=\"How\" \/>\n<meta property=\"article:modified_time\" content=\"2017-01-30T19:14:13+00:00\" \/>\n<meta name=\"twitter:card\" content=\"summary_large_image\" \/>\n<meta name=\"twitter:label1\" content=\"Temps estimat de lectura\" \/>\n\t<meta name=\"twitter:data1\" content=\"1 minut\" \/>\n<script type=\"application\/ld+json\" class=\"yoast-schema-graph\">{\"@context\":\"https:\/\/schema.org\",\"@graph\":[{\"@type\":\"WebPage\",\"@id\":\"https:\/\/www.howav.com\/ca\/documentals\/\",\"url\":\"https:\/\/www.howav.com\/ca\/documentals\/\",\"name\":\"Documentals - How\",\"isPartOf\":{\"@id\":\"https:\/\/www.howav.com\/#website\"},\"datePublished\":\"2016-06-10T16:48:41+00:00\",\"dateModified\":\"2017-01-30T19:14:13+00:00\",\"breadcrumb\":{\"@id\":\"https:\/\/www.howav.com\/ca\/documentals\/#breadcrumb\"},\"inLanguage\":\"ca\",\"potentialAction\":[{\"@type\":\"ReadAction\",\"target\":[\"https:\/\/www.howav.com\/ca\/documentals\/\"]}]},{\"@type\":\"BreadcrumbList\",\"@id\":\"https:\/\/www.howav.com\/ca\/documentals\/#breadcrumb\",\"itemListElement\":[{\"@type\":\"ListItem\",\"position\":1,\"name\":\"Portada\",\"item\":\"https:\/\/www.howav.com\/ca\/\"},{\"@type\":\"ListItem\",\"position\":2,\"name\":\"Documentals\"}]},{\"@type\":\"WebSite\",\"@id\":\"https:\/\/www.howav.com\/#website\",\"url\":\"https:\/\/www.howav.com\/\",\"name\":\"How\",\"description\":\"Otro sitio realizado con WordPress\",\"potentialAction\":[{\"@type\":\"SearchAction\",\"target\":{\"@type\":\"EntryPoint\",\"urlTemplate\":\"https:\/\/www.howav.com\/?s={search_term_string}\"},\"query-input\":\"required name=search_term_string\"}],\"inLanguage\":\"ca\"}]}<\/script>\n<!-- \/ Yoast SEO plugin. -->","yoast_head_json":{"title":"Documentals - How","robots":{"index":"index","follow":"follow","max-snippet":"max-snippet:-1","max-image-preview":"max-image-preview:large","max-video-preview":"max-video-preview:-1"},"canonical":"https:\/\/www.howav.com\/ca\/documentals\/","og_locale":"ca_ES","og_type":"article","og_title":"Documentals - How","og_url":"https:\/\/www.howav.com\/ca\/documentals\/","og_site_name":"How","article_modified_time":"2017-01-30T19:14:13+00:00","twitter_card":"summary_large_image","twitter_misc":{"Temps estimat de lectura":"1 minut"},"schema":{"@context":"https:\/\/schema.org","@graph":[{"@type":"WebPage","@id":"https:\/\/www.howav.com\/ca\/documentals\/","url":"https:\/\/www.howav.com\/ca\/documentals\/","name":"Documentals - How","isPartOf":{"@id":"https:\/\/www.howav.com\/#website"},"datePublished":"2016-06-10T16:48:41+00:00","dateModified":"2017-01-30T19:14:13+00:00","breadcrumb":{"@id":"https:\/\/www.howav.com\/ca\/documentals\/#breadcrumb"},"inLanguage":"ca","potentialAction":[{"@type":"ReadAction","target":["https:\/\/www.howav.com\/ca\/documentals\/"]}]},{"@type":"BreadcrumbList","@id":"https:\/\/www.howav.com\/ca\/documentals\/#breadcrumb","itemListElement":[{"@type":"ListItem","position":1,"name":"Portada","item":"https:\/\/www.howav.com\/ca\/"},{"@type":"ListItem","position":2,"name":"Documentals"}]},{"@type":"WebSite","@id":"https:\/\/www.howav.com\/#website","url":"https:\/\/www.howav.com\/","name":"How","description":"Otro sitio realizado con WordPress","potentialAction":[{"@type":"SearchAction","target":{"@type":"EntryPoint","urlTemplate":"https:\/\/www.howav.com\/?s={search_term_string}"},"query-input":"required name=search_term_string"}],"inLanguage":"ca"}]}},"_links":{"self":[{"href":"https:\/\/www.howav.com\/ca\/wp-json\/wp\/v2\/pages\/331"}],"collection":[{"href":"https:\/\/www.howav.com\/ca\/wp-json\/wp\/v2\/pages"}],"about":[{"href":"https:\/\/www.howav.com\/ca\/wp-json\/wp\/v2\/types\/page"}],"author":[{"embeddable":true,"href":"https:\/\/www.howav.com\/ca\/wp-json\/wp\/v2\/users\/1"}],"replies":[{"embeddable":true,"href":"https:\/\/www.howav.com\/ca\/wp-json\/wp\/v2\/comments?post=331"}],"version-history":[{"count":4,"href":"https:\/\/www.howav.com\/ca\/wp-json\/wp\/v2\/pages\/331\/revisions"}],"predecessor-version":[{"id":890,"href":"https:\/\/www.howav.com\/ca\/wp-json\/wp\/v2\/pages\/331\/revisions\/890"}],"wp:attachment":[{"href":"https:\/\/www.howav.com\/ca\/wp-json\/wp\/v2\/media?parent=331"}],"curies":[{"name":"wp","href":"https:\/\/api.w.org\/{rel}","templated":true}]}}