{"id":327,"date":"2016-06-10T16:48:00","date_gmt":"2016-06-10T16:48:00","guid":{"rendered":"http:\/\/www.howav.com\/ca\/?page_id=327"},"modified":"2017-02-02T13:04:00","modified_gmt":"2017-02-02T13:04:00","slug":"clients","status":"publish","type":"page","link":"https:\/\/www.howav.com\/ca\/clients\/","title":{"rendered":"Clients"},"content":{"rendered":"<p><section class=\"kc-elm kc_row animated eff-fadeInUp delay-200ms\"><div class=\"kc-row-container  kc-container\"><div class=\"kc-wrap-columns\"><div class=\"kc-elm kc_col-sm-12 kc_column kc_col-sm-12 title-with-line main-title\"><div class=\"kc-col-container\"><div class=\"divider_line1 divider-icon \"><\/div>\n<div class=\"kc-elm kc-title-wrap \">\n\n\t<h1 class=\"kc_title\">CLIENTES<\/h1>\n<\/div>\n<div class=\"divider_line1 divider-icon \"><\/div><\/div><\/div><\/div><\/div><\/section><section class=\"kc-elm kc_row animated eff-fadeInUp delay-200ms\"><div class=\"kc-row-container  kc-container\"><div class=\"kc-wrap-columns\"><div class=\"kc-elm kc_column kc_col-sm-12\"><div class=\"kc-col-container\"><div class=\"kc-elm kc_text_block page-intro\"><\/p>\n<p style=\"text-align: center;\">Ells s\u00f3n els qui ens fan creure en el que fem i seguir creixent. Hem treballat i seguim fent-ho amb: empreses privades, institucions p\u00fabliques, televisions nacionals i internacionals, associacions, fundacions, petits comer\u00e7os, universitats, etc.<\/p>\n<p style=\"text-align: center;\">Clients heterogenis per\u00f2 tots amb una cosa en com\u00fa: la satisfacci\u00f3 reconeguda pels projectes que hem realitzat junts i la seva fidelitat.<\/p>\n<p>\n<\/div><\/div><\/div><\/div><\/div><\/section><section class=\"kc-elm kc-css-3810256|padding-top: 30px; padding-bottom: 30px; kc_row kc-css-3810256|padding-top: 30px; padding-bottom: 30px; logos-clientes animated eff-fadeInUp delay-200ms kc-css-3810256|padding-top: 30px; padding-bottom: 30px;\"><div class=\"kc-row-container  kc-container\"><div class=\"kc-wrap-columns\"><div class=\"kc-elm kc_col-sm-3 kc_column kc_col-sm-3\"><div class=\"kc-col-container\"><div class=\"kc-elm kc_shortcode kc_single_image\">\n\n        <img decoding=\"async\" src=\"https:\/\/www.howav.com\/wp-content\/uploads\/2016\/06\/ajuntament-barcelona-1.jpg\" class=\"\" alt=\"\" \/>    \t    <p class=\"scapt\">AJUNTAMENT DE BARCELONA<\/p>\n\t    <\/div>\n<\/div><\/div><div class=\"kc-elm kc_col-sm-3 kc_column kc_col-sm-3\"><div class=\"kc-col-container\"><div class=\"kc-elm kc_shortcode kc_single_image\">\n\n        <img decoding=\"async\" src=\"https:\/\/www.howav.com\/wp-content\/uploads\/2016\/06\/cnbc.jpg\" class=\"\" alt=\"\" \/>    \t    <p class=\"scapt\">CNBC<\/p>\n\t    <\/div>\n<\/div><\/div><div class=\"kc-elm kc_col-sm-3 kc_column kc_col-sm-3\"><div class=\"kc-col-container\"><div class=\"kc-elm kc_shortcode kc_single_image\">\n\n        <img decoding=\"async\" src=\"https:\/\/www.howav.com\/wp-content\/uploads\/2016\/06\/obra-social-caixa-1.jpg\" class=\"\" alt=\"\" \/>    \t    <p class=\"scapt\">OBRA SOCIAL LA CAIXA<\/p>\n\t    <\/div>\n<\/div><\/div><div class=\"kc-elm kc_col-sm-3 kc_column kc_col-sm-3\"><div class=\"kc-col-container\"><div class=\"kc-elm kc_shortcode kc_single_image\">\n\n        <img decoding=\"async\" src=\"https:\/\/www.howav.com\/wp-content\/uploads\/2016\/06\/seat.jpg\" class=\"\" alt=\"\" \/>    \t    <p class=\"scapt\">SEAT<\/p>\n\t    <\/div>\n<\/div><\/div><\/div><\/div><\/section><section class=\"kc-elm kc_row logos-clientes animated eff-fadeInUp delay-200ms\"><div class=\"kc-row-container  kc-container\"><div class=\"kc-wrap-columns\"><div class=\"kc-elm kc_col-sm-3 kc_column kc_col-sm-3\"><div class=\"kc-col-container\"><div class=\"kc-elm kc_shortcode kc_single_image\">\n\n        <img decoding=\"async\" src=\"https:\/\/www.howav.com\/wp-content\/uploads\/2016\/06\/institut-musicoterapia.jpg\" class=\"\" alt=\"\" \/>    \t    <p class=\"scapt\">INSTITUT CATAL\u00c0 DE MUSICOTER\u00c0PIA<\/p>\n\t    <\/div>\n<\/div><\/div><div class=\"kc-elm kc_col-sm-3 kc_column kc_col-sm-3\"><div class=\"kc-col-container\"><div class=\"kc-elm kc_shortcode kc_single_image\">\n\n        <img decoding=\"async\" src=\"https:\/\/www.howav.com\/wp-content\/uploads\/2016\/06\/arep.jpg\" class=\"\" alt=\"\" \/>    \t    <p class=\"scapt\">AREP<\/p>\n\t    <\/div>\n<\/div><\/div><div class=\"kc-elm kc_col-sm-3 kc_column kc_col-sm-3\"><div class=\"kc-col-container\"><div class=\"kc-elm kc_shortcode kc_single_image\">\n\n        <img decoding=\"async\" src=\"https:\/\/www.howav.com\/wp-content\/uploads\/2016\/06\/telesur.jpg\" class=\"\" alt=\"\" \/>    \t    <p class=\"scapt\">TELESUR<\/p>\n\t    <\/div>\n<\/div><\/div><div class=\"kc-elm kc_col-sm-3 kc_column kc_col-sm-3\"><div class=\"kc-col-container\"><div class=\"kc-elm kc_shortcode kc_single_image\">\n\n        <img decoding=\"async\" src=\"https:\/\/www.howav.com\/wp-content\/uploads\/2016\/06\/casa-america-catalunya.jpg\" class=\"\" alt=\"\" \/>    \t    <p class=\"scapt\">CASA AM\u00c8RICA CATALUNYA<\/p>\n\t    <\/div>\n<\/div><\/div><\/div><\/div><\/section><section class=\"kc-elm kc_row logos-clientes animated eff-fadeInUp delay-200ms\"><div class=\"kc-row-container  kc-container\"><div class=\"kc-wrap-columns\"><div class=\"kc-elm kc_col-sm-3 kc_column kc_col-sm-3\"><div class=\"kc-col-container\"><div class=\"kc-elm kc_shortcode kc_single_image\">\n\n        <img decoding=\"async\" src=\"https:\/\/www.howav.com\/wp-content\/uploads\/2016\/06\/ciutats.jpg\" class=\"\" alt=\"\" \/>    \t    <p class=\"scapt\">CIUTATS DEFENSORES DELS DRETS HUMANS<\/p>\n\t    <\/div>\n<\/div><\/div><div class=\"kc-elm kc_col-sm-3 kc_column kc_col-sm-3\"><div class=\"kc-col-container\"><div class=\"kc-elm kc_shortcode kc_single_image\">\n\n        <img decoding=\"async\" src=\"https:\/\/www.howav.com\/wp-content\/uploads\/2016\/06\/diputacio.jpg\" class=\"\" alt=\"\" \/>    \t    <p class=\"scapt\">DIPUTACI\u00d3 BARCELONA<\/p>\n\t    <\/div>\n<\/div><\/div><div class=\"kc-elm kc_col-sm-3 kc_column kc_col-sm-3\"><div class=\"kc-col-container\"><div class=\"kc-elm kc_shortcode kc_single_image\">\n\n        <img decoding=\"async\" src=\"https:\/\/www.howav.com\/wp-content\/uploads\/2016\/06\/ecoemprende.jpg\" class=\"\" alt=\"\" \/>    \t    <p class=\"scapt\">ECO EMPRENDE<\/p>\n\t    <\/div>\n<\/div><\/div><div class=\"kc-elm kc_col-sm-3 kc_column kc_col-sm-3\"><div class=\"kc-col-container\"><div class=\"kc-elm kc_shortcode kc_single_image\">\n\n        <img decoding=\"async\" src=\"https:\/\/www.howav.com\/wp-content\/uploads\/2016\/06\/esplugues.jpg\" class=\"\" alt=\"\" \/>    \t    <p class=\"scapt\">AJUNTAMENT ESPLUGUES<\/p>\n\t    <\/div>\n<\/div><\/div><\/div><\/div><\/section><section class=\"kc-elm kc_row logos-clientes animated eff-fadeInUp delay-200ms\"><div class=\"kc-row-container  kc-container\"><div class=\"kc-wrap-columns\"><div class=\"kc-elm kc_col-sm-3 kc_column kc_col-sm-3\"><div class=\"kc-col-container\"><div class=\"kc-elm kc_shortcode kc_single_image\">\n\n        <img decoding=\"async\" src=\"https:\/\/www.howav.com\/wp-content\/uploads\/2016\/06\/fedaia.jpg\" class=\"\" alt=\"\" \/>    \t    <p class=\"scapt\">FEDAIA<\/p>\n\t    <\/div>\n<\/div><\/div><div class=\"kc-elm kc_col-sm-3 kc_column kc_col-sm-3\"><div class=\"kc-col-container\"><div class=\"kc-elm kc_shortcode kc_single_image\">\n\n        <img decoding=\"async\" src=\"https:\/\/www.howav.com\/wp-content\/uploads\/2016\/06\/fons-catala.jpg\" class=\"\" alt=\"\" \/>    \t    <p class=\"scapt\">FONS CATAL\u00c0 DE COOPERACI\u00d3 AL DESENVOLUPAMENT<\/p>\n\t    <\/div>\n<\/div><\/div><div class=\"kc-elm kc_col-sm-3 kc_column kc_col-sm-3\"><div class=\"kc-col-container\"><div class=\"kc-elm kc_shortcode kc_single_image\">\n\n        <img decoding=\"async\" src=\"https:\/\/www.howav.com\/wp-content\/uploads\/2016\/06\/accd.jpg\" class=\"\" alt=\"\" \/>    \t    <p class=\"scapt\">AG\u00c8NCIA CATALANA DE COOPERACI\u00d3 AL DESENVOLUPAMENT<\/p>\n\t    <\/div>\n<\/div><\/div><div class=\"kc-elm kc_col-sm-3 kc_column kc_col-sm-3\"><div class=\"kc-col-container\"><div class=\"kc-elm kc_shortcode kc_single_image\">\n\n        <img decoding=\"async\" src=\"https:\/\/www.howav.com\/wp-content\/uploads\/2017\/02\/gava-3.jpg\" class=\"\" alt=\"\" \/>    \t    <p class=\"scapt\">AJUNTAMENT DE GAV\u00c0<\/p>\n\t    <\/div>\n<\/div><\/div><\/div><\/div><\/section><section class=\"kc-elm kc_row logos-clientes animated eff-fadeInUp delay-200ms\"><div class=\"kc-row-container  kc-container\"><div class=\"kc-wrap-columns\"><div class=\"kc-elm kc_col-sm-3 kc_column kc_col-sm-3\"><div class=\"kc-col-container\"><div class=\"kc-elm kc_shortcode kc_single_image\">\n\n        <img decoding=\"async\" src=\"https:\/\/www.howav.com\/wp-content\/uploads\/2016\/06\/memora.jpg\" class=\"\" alt=\"\" \/>    \t    <p class=\"scapt\">GRUPO M\u00c9MORA<\/p>\n\t    <\/div>\n<\/div><\/div><div class=\"kc-elm kc_col-sm-3 kc_column kc_col-sm-3\"><div class=\"kc-col-container\"><div class=\"kc-elm kc_shortcode kc_single_image\">\n\n        <img decoding=\"async\" src=\"https:\/\/www.howav.com\/wp-content\/uploads\/2016\/06\/motoinsitu.jpg\" class=\"\" alt=\"\" \/>    \t    <p class=\"scapt\">MOTOINSITU<\/p>\n\t    <\/div>\n<\/div><\/div><div class=\"kc-elm kc_col-sm-3 kc_column kc_col-sm-3\"><div class=\"kc-col-container\"><div class=\"kc-elm kc_shortcode kc_single_image\">\n\n        <img decoding=\"async\" src=\"https:\/\/www.howav.com\/wp-content\/uploads\/2016\/06\/parcdesalutmar.jpg\" class=\"\" alt=\"\" \/>    \t    <p class=\"scapt\">PARC DE SALUT MAR<\/p>\n\t    <\/div>\n<\/div><\/div><div class=\"kc-elm kc_col-sm-3 kc_column kc_col-sm-3\"><div class=\"kc-col-container\"><div class=\"kc-elm kc_shortcode kc_single_image\">\n\n        <img decoding=\"async\" src=\"https:\/\/www.howav.com\/wp-content\/uploads\/2016\/06\/sant-boi.jpg\" class=\"\" alt=\"\" \/>    \t    <p class=\"scapt\">AJUNTAMENT DE SANT BOI DE LLOBREGAT<\/p>\n\t    <\/div>\n<\/div><\/div><\/div><\/div><\/section><section class=\"kc-elm kc_row logos-clientes animated eff-fadeInUp delay-200ms\"><div class=\"kc-row-container  kc-container\"><div class=\"kc-wrap-columns\"><div class=\"kc-elm kc_col-sm-3 kc_column kc_col-sm-3\"><div class=\"kc-col-container\"><div class=\"kc-elm kc_shortcode kc_single_image\">\n\n        <img decoding=\"async\" src=\"https:\/\/www.howav.com\/wp-content\/uploads\/2016\/06\/sant-vincenc.jpg\" class=\"\" alt=\"\" \/>    \t    <p class=\"scapt\">AJUNTAMENT SANT VICEN\u00c7 DELS HORTS<\/p>\n\t    <\/div>\n<\/div><\/div><div class=\"kc-elm kc_col-sm-3 kc_column kc_col-sm-3\"><div class=\"kc-col-container\"><div class=\"kc-elm kc_shortcode kc_single_image\">\n\n        <img decoding=\"async\" src=\"https:\/\/www.howav.com\/wp-content\/uploads\/2016\/06\/santjoandespi.jpg\" class=\"\" alt=\"\" \/>    \t    <p class=\"scapt\">AJUNTAMENT DE SANT JOAN DESP\u00cd<\/p>\n\t    <\/div>\n<\/div><\/div><div class=\"kc-elm kc_col-sm-3 kc_column kc_col-sm-3\"><div class=\"kc-col-container\"><div class=\"kc-elm kc_shortcode kc_single_image\">\n\n        <img decoding=\"async\" src=\"https:\/\/www.howav.com\/wp-content\/uploads\/2016\/06\/ub.jpg\" class=\"\" alt=\"\" \/>    \t    <p class=\"scapt\">UNIVERSITAT DE BARCELONA<\/p>\n\t    <\/div>\n<\/div><\/div><div class=\"kc-elm kc_col-sm-3 kc_column kc_col-sm-3\"><div class=\"kc-col-container\"><div class=\"kc-elm kc_shortcode kc_single_image\">\n\n        <img decoding=\"async\" src=\"https:\/\/www.howav.com\/wp-content\/uploads\/2016\/06\/blai-net.jpg\" class=\"\" alt=\"\" \/>    \t    <p class=\"scapt\">ESCOLA MUNICIPAL DE M\u00daSICA BLAI NET<\/p>\n\t    <\/div>\n<\/div><\/div><\/div><\/div><\/section><section class=\"kc-elm kc_row logos-clientes animated eff-fadeInUp delay-200ms\"><div class=\"kc-row-container  kc-container\"><div class=\"kc-wrap-columns\"><div class=\"kc-elm kc_col-sm-3 kc_column kc_col-sm-3\"><div class=\"kc-col-container\"><div class=\"kc-elm kc_shortcode kc_single_image\">\n\n        <img decoding=\"async\" src=\"https:\/\/www.howav.com\/wp-content\/uploads\/2016\/06\/upf.jpg\" class=\"\" alt=\"\" \/>    \t    <p class=\"scapt\">UNIVERSITAT POMPEU FABRA<\/p>\n\t    <\/div>\n<\/div><\/div><div class=\"kc-elm kc_col-sm-3 kc_column kc_col-sm-3\"><div class=\"kc-col-container\"><div class=\"kc-elm kc_shortcode kc_single_image\">\n\n        <img decoding=\"async\" src=\"https:\/\/www.howav.com\/wp-content\/uploads\/2016\/06\/xes.jpg\" class=\"\" alt=\"\" \/>    \t    <p class=\"scapt\">XES<\/p>\n\t    <\/div>\n<\/div><\/div><div class=\"kc-elm kc_col-sm-3 kc_column kc_col-sm-3\"><div class=\"kc-col-container\"><div class=\"kc-elm kc_shortcode kc_single_image\">\n\n        <img decoding=\"async\" src=\"https:\/\/www.howav.com\/wp-content\/uploads\/2016\/06\/viladecans.jpg\" class=\"\" alt=\"\" \/>    \t    <p class=\"scapt\">AJUNTAMENT DE VILADECANS<\/p>\n\t    <\/div>\n<\/div><\/div><div class=\"kc-elm kc_col-sm-3 kc_column kc_col-sm-3\"><div class=\"kc-col-container\"><div class=\"kc-elm kc_text_block\"><p><\/p>\n<\/div><\/div><\/div><\/div><\/div><\/section><section class=\"kc-elm kc-css-6344371|background-color: #F9F9F9; padding-top: 30px; margin-top: 70px; kc_row kc-css-6344371|background-color: #F9F9F9; padding-top: 30px; margin-top: 70px; kc-css-6344371|background-color: #F9F9F9; padding-top: 30px; margin-top: 70px;\"><div class=\"kc-row-container  kc-container\"><div class=\"kc-wrap-columns\"><div class=\"kc-elm kc-css-8815982|text-align: center; kc_col-sm-12 kc_column kc_col-sm-12 title-with-line\"><div class=\"kc-col-container\"><div class=\"divider_line1 divider-icon \"><\/div>\n<div class=\"kc-elm kc-title-wrap \">\n\n\t<h1 class=\"kc_title\">Projectes destacats<\/h1>\n<\/div>\n<div class=\"divider_line1 divider-icon \"><\/div><\/div><\/div><\/div><\/div><\/section><section class=\"kc-elm kc-css-6652141|background-color: #F9F9F9; padding-top: 15px; padding-bottom: 65px; kc_row kc-css-6652141|background-color: #F9F9F9; padding-top: 15px; padding-bottom: 65px; kc-css-6652141|background-color: #F9F9F9; padding-top: 15px; padding-bottom: 65px;\"><div class=\"kc-row-container  kc-container\"><div class=\"kc-wrap-columns\"><div class=\"kc-elm kc_col-sm-12 kc_column kc_col-sm-12\"><div class=\"kc-col-container\"><h4>Works not found<\/h4> <a href=\"https:\/\/www.howav.com\/wp-admin\/post-new.php?post_type=our-works\"><i class=\"fa fa-plus\"><\/i> Add New Work<\/a><\/div><\/div><\/div><\/div><\/section><section class=\"kc-elm kc-css-1298290|background-color: #F9F9F9; kc_row kc-css-1298290|background-color: #F9F9F9; kc-css-1298290|background-color: #F9F9F9;\"><div class=\"kc-row-container  kc-container\"><div class=\"kc-wrap-columns\"><div class=\"kc-elm kc-css-5591019|text-align: center; kc_col-sm-12 kc_column kc_col-sm-12\"><div class=\"kc-col-container\">\n<div class=\"kc-elm btn-ver-mas\">\n\t<a class=\"kc_button\" href=\"http:\/\/www.howav.com\/our-works\/\" target=\"_self\" title=\"\" onclick=\"\">\n\t\tVer + proyectos\t<\/a>\n<\/div>\n<\/div><\/div><\/div><\/div><\/section><\/p>\n","protected":false},"excerpt":{"rendered":"","protected":false},"author":1,"featured_media":0,"parent":0,"menu_order":0,"comment_status":"closed","ping_status":"closed","template":"","meta":{"footnotes":""},"yoast_head":"<!-- This site is optimized with the Yoast SEO plugin v19.9 - https:\/\/yoast.com\/wordpress\/plugins\/seo\/ -->\n<title>Clients - How<\/title>\n<meta name=\"robots\" content=\"index, follow, max-snippet:-1, max-image-preview:large, max-video-preview:-1\" \/>\n<link rel=\"canonical\" href=\"https:\/\/www.howav.com\/ca\/clients\/\" \/>\n<meta property=\"og:locale\" content=\"ca_ES\" \/>\n<meta property=\"og:type\" content=\"article\" \/>\n<meta property=\"og:title\" content=\"Clients - How\" \/>\n<meta property=\"og:url\" content=\"https:\/\/www.howav.com\/ca\/clients\/\" \/>\n<meta property=\"og:site_name\" content=\"How\" \/>\n<meta property=\"article:modified_time\" content=\"2017-02-02T13:04:00+00:00\" \/>\n<meta name=\"twitter:card\" content=\"summary_large_image\" \/>\n<meta name=\"twitter:label1\" content=\"Temps estimat de lectura\" \/>\n\t<meta name=\"twitter:data1\" content=\"5 minuts\" \/>\n<script type=\"application\/ld+json\" class=\"yoast-schema-graph\">{\"@context\":\"https:\/\/schema.org\",\"@graph\":[{\"@type\":\"WebPage\",\"@id\":\"https:\/\/www.howav.com\/ca\/clients\/\",\"url\":\"https:\/\/www.howav.com\/ca\/clients\/\",\"name\":\"Clients - How\",\"isPartOf\":{\"@id\":\"https:\/\/www.howav.com\/#website\"},\"datePublished\":\"2016-06-10T16:48:00+00:00\",\"dateModified\":\"2017-02-02T13:04:00+00:00\",\"breadcrumb\":{\"@id\":\"https:\/\/www.howav.com\/ca\/clients\/#breadcrumb\"},\"inLanguage\":\"ca\",\"potentialAction\":[{\"@type\":\"ReadAction\",\"target\":[\"https:\/\/www.howav.com\/ca\/clients\/\"]}]},{\"@type\":\"BreadcrumbList\",\"@id\":\"https:\/\/www.howav.com\/ca\/clients\/#breadcrumb\",\"itemListElement\":[{\"@type\":\"ListItem\",\"position\":1,\"name\":\"Portada\",\"item\":\"https:\/\/www.howav.com\/ca\/\"},{\"@type\":\"ListItem\",\"position\":2,\"name\":\"Clients\"}]},{\"@type\":\"WebSite\",\"@id\":\"https:\/\/www.howav.com\/#website\",\"url\":\"https:\/\/www.howav.com\/\",\"name\":\"How\",\"description\":\"Otro sitio realizado con WordPress\",\"potentialAction\":[{\"@type\":\"SearchAction\",\"target\":{\"@type\":\"EntryPoint\",\"urlTemplate\":\"https:\/\/www.howav.com\/?s={search_term_string}\"},\"query-input\":\"required name=search_term_string\"}],\"inLanguage\":\"ca\"}]}<\/script>\n<!-- \/ Yoast SEO plugin. -->","yoast_head_json":{"title":"Clients - How","robots":{"index":"index","follow":"follow","max-snippet":"max-snippet:-1","max-image-preview":"max-image-preview:large","max-video-preview":"max-video-preview:-1"},"canonical":"https:\/\/www.howav.com\/ca\/clients\/","og_locale":"ca_ES","og_type":"article","og_title":"Clients - How","og_url":"https:\/\/www.howav.com\/ca\/clients\/","og_site_name":"How","article_modified_time":"2017-02-02T13:04:00+00:00","twitter_card":"summary_large_image","twitter_misc":{"Temps estimat de lectura":"5 minuts"},"schema":{"@context":"https:\/\/schema.org","@graph":[{"@type":"WebPage","@id":"https:\/\/www.howav.com\/ca\/clients\/","url":"https:\/\/www.howav.com\/ca\/clients\/","name":"Clients - How","isPartOf":{"@id":"https:\/\/www.howav.com\/#website"},"datePublished":"2016-06-10T16:48:00+00:00","dateModified":"2017-02-02T13:04:00+00:00","breadcrumb":{"@id":"https:\/\/www.howav.com\/ca\/clients\/#breadcrumb"},"inLanguage":"ca","potentialAction":[{"@type":"ReadAction","target":["https:\/\/www.howav.com\/ca\/clients\/"]}]},{"@type":"BreadcrumbList","@id":"https:\/\/www.howav.com\/ca\/clients\/#breadcrumb","itemListElement":[{"@type":"ListItem","position":1,"name":"Portada","item":"https:\/\/www.howav.com\/ca\/"},{"@type":"ListItem","position":2,"name":"Clients"}]},{"@type":"WebSite","@id":"https:\/\/www.howav.com\/#website","url":"https:\/\/www.howav.com\/","name":"How","description":"Otro sitio realizado con WordPress","potentialAction":[{"@type":"SearchAction","target":{"@type":"EntryPoint","urlTemplate":"https:\/\/www.howav.com\/?s={search_term_string}"},"query-input":"required name=search_term_string"}],"inLanguage":"ca"}]}},"_links":{"self":[{"href":"https:\/\/www.howav.com\/ca\/wp-json\/wp\/v2\/pages\/327"}],"collection":[{"href":"https:\/\/www.howav.com\/ca\/wp-json\/wp\/v2\/pages"}],"about":[{"href":"https:\/\/www.howav.com\/ca\/wp-json\/wp\/v2\/types\/page"}],"author":[{"embeddable":true,"href":"https:\/\/www.howav.com\/ca\/wp-json\/wp\/v2\/users\/1"}],"replies":[{"embeddable":true,"href":"https:\/\/www.howav.com\/ca\/wp-json\/wp\/v2\/comments?post=327"}],"version-history":[{"count":5,"href":"https:\/\/www.howav.com\/ca\/wp-json\/wp\/v2\/pages\/327\/revisions"}],"predecessor-version":[{"id":907,"href":"https:\/\/www.howav.com\/ca\/wp-json\/wp\/v2\/pages\/327\/revisions\/907"}],"wp:attachment":[{"href":"https:\/\/www.howav.com\/ca\/wp-json\/wp\/v2\/media?parent=327"}],"curies":[{"name":"wp","href":"https:\/\/api.w.org\/{rel}","templated":true}]}}